
{"id":1334,"date":"2026-01-31T23:13:58","date_gmt":"2026-01-31T23:13:58","guid":{"rendered":"https:\/\/www.ipv6council.es\/?page_id=1334"},"modified":"2026-02-02T22:31:47","modified_gmt":"2026-02-02T22:31:47","slug":"agencias","status":"publish","type":"page","link":"https:\/\/www.ipv6council.es\/index.php\/agencias\/","title":{"rendered":"Instituciones y Agencias"},"content":{"rendered":"<figure><\/figure>\r\n<figure><nav aria-label=\"breadcrumbs\">\n            <div class=\"breadcrumb-container theme1\">\n                <ol>\n                                    <\/ol>\n            <\/div>\n        <\/nav>    <script type=\"application\/ld+json\">\n        {\n            \"@context\": \"http:\/\/schema.org\",\n            \"@type\": \"BreadcrumbList\",\n            \"itemListElement\": [\n                            ]\n        }\n    <\/script>\n   \n    <script>\n            <\/script>\n<\/figure>\r\n<h2 style=\"text-align: center;\"><span style=\"color: #0000ff;\">Instituciones y Agencias<\/span><\/h2>\r\n<figure class=\"wp-block-media-text__media\"><\/figure>\r\n<h2 id=\"block-920ffcf9-b35b-4e6c-a5c1-bcb086794dcf\">\u00a0<\/h2>\r\n\r\n\r\n\r\n<p id=\"block-5c273930-f73a-45f6-a65e-76a7abf1d91d\">IPv6 es un punto relevante en la estrategia de Instituciones Oficiales. As\u00ed la uni\u00f3n Europea, ha incluido la migraci\u00f3n a IPv6 y el posible &#8220;apagado&#8221; de IPv4 en un futuro en su estrategia de Ciberseguridad recientemente:<\/p>\r\n\r\n\r\n\r\n<figure id=\"block-d6b83971-eb40-432a-8bfe-598e113912c3\" class=\"wp-block-image\"><img src=\"https:\/\/www.ipv6council.es\/wp-content\/uploads\/2022\/02\/image-2.png\" alt=\"This image has an empty alt attribute; its file name is image-2.png\" \/><\/figure>\r\n\r\n\r\n\r\n<p id=\"block-6d1cb845-5bf4-41c1-9f61-41ed69be5082\">En Estados Unidos, la agencia federal norteamericana para la Ciberseguridad y seguridad de Infraestructuras CISA (Cybersecurity &amp; Infrastructure Security Agency) acaba de publicar un informe muy completo con las vulnerabilidades que hay que tener en cuenta en la adopci\u00f3n de IPv6 por parte de las empresas.<\/p>\r\n\r\n\r\n\r\n<figure id=\"block-aa8bdefb-80a0-45d6-b694-f94b704ffeab\" class=\"wp-block-image\"><img src=\"https:\/\/www.ipv6council.es\/wp-content\/uploads\/2022\/02\/image-1024x282.png\" alt=\"This image has an empty alt attribute; its file name is image-1024x282.png\" \/><\/figure>\r\n\r\n\r\n\r\n<p id=\"block-408d66e9-16af-4445-88ac-27bee54b25a5\">En este informe destaca una tabla que puede servirnos a modo de checklist gen\u00e9rico de tipos de vulnerabilidades. Algunas obvias como el hecho de que existe una patente falta en el manejo de grandes redes IPv6 y otras m\u00e1s espec\u00edficas como los retos que pueden crear las direcciones temporales en cuanto a filtrado.<\/p>\r\n\r\n\r\n\r\n<p id=\"block-5a411628-c7cb-416e-84a2-b78ab49e888f\">El informe se enmarca dentro de la <a href=\"https:\/\/www.ferc.gov\/internet-protocol-version-6-ipv6-policy\">aceleraci\u00f3n a IPv6<\/a> que las agencias americanas est\u00e1n impulsando de cara a infraestructura p\u00fablicas y privadas en las que se considera que IPv6 es clave en la modernizaci\u00f3n de las redes corporativas y se comienza a anticipar el apagado de IPv4 en el futuro.<\/p>\r\n\r\n\r\n\r\n<figure id=\"block-7364e23f-8929-4b97-8c26-61bf8f122a99\" class=\"wp-block-image\"><img src=\"https:\/\/www.ipv6council.es\/wp-content\/uploads\/2022\/02\/image-3-1024x596.png\" alt=\"This image has an empty alt attribute; its file name is image-3-1024x596.png\" \/><\/figure>\r\n\r\n\r\n\r\n<p id=\"block-7d0520f2-e2a6-49a4-a12a-126ee2a02abf\">Por otro, lado en 2018 <a href=\"https:\/\/drive.google.com\/file\/d\/1AbSu-hYtXBdzj3v8vlXJjzyrJctx-WKq\/view\">la agencia Europea ENISA public\u00f3 un informe detallado<\/a> y con ejemplos pr\u00e1cticos de ataques a redes y dispositivos IoT IPv6.<\/p>\r\n\r\n\r\n\r\n<figure id=\"block-356bfa2d-b602-44a8-9957-259cc67802d8\" class=\"wp-block-image\"><img src=\"https:\/\/www.ipv6council.es\/wp-content\/uploads\/2022\/02\/image-7-1024x654.png\" alt=\"This image has an empty alt attribute; its file name is image-7-1024x654.png\" \/><\/figure>\r\n\r\n\r\n\r\n<p>Toggle panel: WPCode Page ScriptsToggle panel: LanguageThis is a set of &#8220;Language Switching Buttons&#8221; from\u00a0<a href=\"https:\/\/wordpress.org\/plugins\/qtranslate-x\/\" target=\"_blank\" rel=\"noreferrer noopener\">qTranslate\u2011X<\/a>. Click any blank space between the buttons and drag it to a place where you would need it the most. Click the handle at the top-right corner of this widget to hide this message.Open document settingsOpen publish panel<\/p>\r\n\r\n\r\n\r\n<ul>\r\n<li>Document<\/li>\r\n<\/ul>","protected":false},"excerpt":{"rendered":"<p>Instituciones y Agencias \u00a0 IPv6 es un punto relevante en la estrategia de Instituciones Oficiales. As\u00ed la uni\u00f3n Europea, ha incluido la migraci\u00f3n a IPv6 y el posible &#8220;apagado&#8221; de IPv4 en un futuro en su estrategia de Ciberseguridad recientemente: En Estados Unidos, la agencia federal norteamericana para la Ciberseguridad y seguridad de Infraestructuras CISA&hellip;&nbsp;<a href=\"https:\/\/www.ipv6council.es\/index.php\/agencias\/\" rel=\"bookmark\"><span class=\"screen-reader-text\">Instituciones y Agencias<\/span><\/a><\/p>\n","protected":false},"author":1,"featured_media":0,"parent":0,"menu_order":0,"comment_status":"closed","ping_status":"closed","template":"","meta":{"neve_meta_sidebar":"","neve_meta_container":"","neve_meta_enable_content_width":"off","neve_meta_content_width":100,"neve_meta_title_alignment":"","neve_meta_author_avatar":"","neve_post_elements_order":"","neve_meta_disable_header":"","neve_meta_disable_footer":"","neve_meta_disable_title":"on"},"_links":{"self":[{"href":"https:\/\/www.ipv6council.es\/index.php\/wp-json\/wp\/v2\/pages\/1334"}],"collection":[{"href":"https:\/\/www.ipv6council.es\/index.php\/wp-json\/wp\/v2\/pages"}],"about":[{"href":"https:\/\/www.ipv6council.es\/index.php\/wp-json\/wp\/v2\/types\/page"}],"author":[{"embeddable":true,"href":"https:\/\/www.ipv6council.es\/index.php\/wp-json\/wp\/v2\/users\/1"}],"replies":[{"embeddable":true,"href":"https:\/\/www.ipv6council.es\/index.php\/wp-json\/wp\/v2\/comments?post=1334"}],"version-history":[{"count":5,"href":"https:\/\/www.ipv6council.es\/index.php\/wp-json\/wp\/v2\/pages\/1334\/revisions"}],"predecessor-version":[{"id":1671,"href":"https:\/\/www.ipv6council.es\/index.php\/wp-json\/wp\/v2\/pages\/1334\/revisions\/1671"}],"wp:attachment":[{"href":"https:\/\/www.ipv6council.es\/index.php\/wp-json\/wp\/v2\/media?parent=1334"}],"curies":[{"name":"wp","href":"https:\/\/api.w.org\/{rel}","templated":true}]}}