
{"id":15,"date":"2021-04-20T20:59:19","date_gmt":"2021-04-20T20:59:19","guid":{"rendered":"http:\/\/www.ipv6council.es\/?page_id=15"},"modified":"2026-02-25T16:30:03","modified_gmt":"2026-02-25T16:30:03","slug":"create-your-website-with-blocks","status":"publish","type":"page","link":"https:\/\/www.ipv6council.es\/","title":{"rendered":""},"content":{"rendered":"<p>&nbsp;<\/p>\r\n<h2 style=\"text-align: center;\"><span style=\"color: #0000ff;\">Sectores Digitales y Econ\u00f3micos Relevantes<\/span><\/h2>\r\n<div style=\"display: flex; justify-content: center; gap: 20px; flex-wrap: wrap;\">\r\n<div style=\"flex: 0 0 auto; text-align: center;\">\r\n<p><a href=\"https:\/\/www.ipv6council.es\/index.php\/ciberseguridad\/\"><img loading=\"lazy\" class=\"alignnone wp-image-1499\" src=\"https:\/\/www.ipv6council.es\/wp-content\/uploads\/2026\/02\/Ciberseguridad-1.jpg\" alt=\"\" width=\"300\" height=\"450\" srcset=\"https:\/\/www.ipv6council.es\/wp-content\/uploads\/2026\/02\/Ciberseguridad-1.jpg 600w, https:\/\/www.ipv6council.es\/wp-content\/uploads\/2026\/02\/Ciberseguridad-1-200x300.jpg 200w\" sizes=\"(max-width: 300px) 100vw, 300px\" \/><\/a><\/p>\r\n<\/div>\r\n<div style=\"flex: 0 0 auto; text-align: center;\">\r\n<p><a href=\"https:\/\/www.ipv6council.es\/index.php\/iot\/\"><img loading=\"lazy\" class=\"alignnone wp-image-1495\" src=\"https:\/\/www.ipv6council.es\/wp-content\/uploads\/2026\/02\/Smartcities.jpg\" alt=\"\" width=\"300\" height=\"448\" srcset=\"https:\/\/www.ipv6council.es\/wp-content\/uploads\/2026\/02\/Smartcities.jpg 603w, https:\/\/www.ipv6council.es\/wp-content\/uploads\/2026\/02\/Smartcities-201x300.jpg 201w\" sizes=\"(max-width: 300px) 100vw, 300px\" \/><\/a><\/p>\r\n<\/div>\r\n<div style=\"flex: 0 0 auto; text-align: center;\">\r\n<p><a href=\"https:\/\/www.ipv6council.es\/index.php\/cloud\/\"><img loading=\"lazy\" class=\"alignnone wp-image-1500\" src=\"https:\/\/www.ipv6council.es\/wp-content\/uploads\/2026\/02\/Cloud.jpg\" alt=\"\" width=\"300\" height=\"450\" srcset=\"https:\/\/www.ipv6council.es\/wp-content\/uploads\/2026\/02\/Cloud.jpg 600w, https:\/\/www.ipv6council.es\/wp-content\/uploads\/2026\/02\/Cloud-200x300.jpg 200w\" sizes=\"(max-width: 300px) 100vw, 300px\" \/><\/a><\/p>\r\n<\/div>\r\n<\/div>\r\n<h2 style=\"text-align: center;\"><span style=\"color: #0000ff;\">Penetraci\u00f3n, Referentes y Casos de Uso<\/span><\/h2>\r\n<div style=\"display: flex; justify-content: center; gap: 20px; flex-wrap: wrap;\">\r\n<div style=\"flex: 0 0 auto; text-align: center;\">\r\n<p><a href=\"https:\/\/www.ipv6council.es\/index.php\/analisis-de-despliegue\/\"><img loading=\"lazy\" class=\"wp-image-1486 size-medium\" src=\"https:\/\/www.ipv6council.es\/wp-content\/uploads\/2026\/02\/Usuarios-300x200.jpg\" alt=\"\" width=\"300\" height=\"200\" srcset=\"https:\/\/www.ipv6council.es\/wp-content\/uploads\/2026\/02\/Usuarios-300x200.jpg 300w, https:\/\/www.ipv6council.es\/wp-content\/uploads\/2026\/02\/Usuarios.jpg 540w\" sizes=\"(max-width: 300px) 100vw, 300px\" \/><\/a><\/p>\r\n<p>&nbsp;<\/p>\r\n<\/div>\r\n<div style=\"flex: 0 0 auto; text-align: center;\">\r\n<p><a href=\"https:\/\/www.ipv6council.es\/index.php\/empresas\/\"><img loading=\"lazy\" class=\"wp-image-1489 size-medium\" src=\"https:\/\/www.ipv6council.es\/wp-content\/uploads\/2026\/02\/Empresas-300x200.jpg\" alt=\"\" width=\"300\" height=\"200\" srcset=\"https:\/\/www.ipv6council.es\/wp-content\/uploads\/2026\/02\/Empresas-300x200.jpg 300w, https:\/\/www.ipv6council.es\/wp-content\/uploads\/2026\/02\/Empresas.jpg 550w\" sizes=\"(max-width: 300px) 100vw, 300px\" \/><\/a><\/p>\r\n<\/div>\r\n<div style=\"flex: 0 0 auto; text-align: center;\">\r\n<p><a href=\"https:\/\/www.ipv6council.es\/index.php\/trinetra_report_feb26\/\"><img loading=\"lazy\" class=\"alignnone wp-image-1489\" src=\"https:\/\/www.ipv6council.es\/wp-content\/uploads\/2026\/02\/Informe-Trinetra-Espana-294x300.jpg\" alt=\"\" width=\"200\" height=\"133\" \/><\/a><\/p>\r\n<\/div>\r\n<\/div>\r\n<h2 style=\"text-align: center;\"><span style=\"color: #0000ff;\">V\u00eddeos Cortos para Empresas<\/span><\/h2>\r\n<div style=\"display: flex; justify-content: center; gap: 20px; flex-wrap: wrap;\">\r\n<div style=\"flex: 0 0 auto; text-align: center;\">\r\n<figure id=\"attachment_1473\" aria-describedby=\"caption-attachment-1473\" style=\"width: 300px\" class=\"wp-caption aligncenter\"><a href=\"https:\/\/www.youtube.com\/watch?v=0NJZNo-NLbQ\"><img loading=\"lazy\" class=\"wp-image-1473 size-medium\" src=\"https:\/\/www.ipv6council.es\/wp-content\/uploads\/2026\/02\/Video_Empresas-300x297.jpg\" alt=\"\" width=\"300\" height=\"297\" srcset=\"https:\/\/www.ipv6council.es\/wp-content\/uploads\/2026\/02\/Video_Empresas-300x297.jpg 300w, https:\/\/www.ipv6council.es\/wp-content\/uploads\/2026\/02\/Video_Empresas-150x150.jpg 150w, https:\/\/www.ipv6council.es\/wp-content\/uploads\/2026\/02\/Video_Empresas.jpg 690w\" sizes=\"(max-width: 300px) 100vw, 300px\" \/><\/a><figcaption id=\"caption-attachment-1473\" class=\"wp-caption-text\">IPv6 llega a Empresas (1min29&#8243;)<\/figcaption><\/figure>\r\n\u00a0 \u00a0 \u00a0 \u00a0 \u00a0<\/div>\r\n<div style=\"flex: 0 0 auto; text-align: center;\">\r\n<figure id=\"attachment_1474\" aria-describedby=\"caption-attachment-1474\" style=\"width: 286px\" class=\"wp-caption alignnone\"><a href=\"https:\/\/www.youtube.com\/watch?v=2XyVKNN6b2s\"><img loading=\"lazy\" class=\"wp-image-1474 size-medium\" src=\"https:\/\/www.ipv6council.es\/wp-content\/uploads\/2026\/02\/Video_CIO-286x300.jpg\" alt=\"\" width=\"286\" height=\"300\" srcset=\"https:\/\/www.ipv6council.es\/wp-content\/uploads\/2026\/02\/Video_CIO-286x300.jpg 286w, https:\/\/www.ipv6council.es\/wp-content\/uploads\/2026\/02\/Video_CIO.jpg 656w\" sizes=\"(max-width: 286px) 100vw, 286px\" \/><\/a><figcaption id=\"caption-attachment-1474\" class=\"wp-caption-text\">IPv6 y CIOs-CTO-CFOs\u00a0 \u00a0 \u00a0 \u00a0 \u00a0 \u00a0 \u00a0(2min 54&#8243;)<\/figcaption><\/figure>\r\n<\/div>\r\n<\/div>\r\n\r\n\r\n\r\n<h2>\u00a0<\/h2>\r\n<h2 style=\"text-align: center;\"><span style=\"color: #0000ff;\">Sponsors<\/span><\/h2>\r\n<p><a href=\"https:\/\/telefonicatech.com\/\"><img loading=\"lazy\" class=\"aligncenter wp-image-655 size-full\" src=\"https:\/\/www.ipv6council.es\/wp-content\/uploads\/2024\/04\/imagen.png\" alt=\"\" width=\"219\" height=\"50\" \/><\/a><\/p>\r\n\r\n\r\n\r\n<p style=\"text-align: center;\">Damos las gracias a <a href=\"https:\/\/telefonicatech.com\/\">Telefonica Tech<\/a>, sponsor del hosting dual-stack (IPv6 e IPv4) de la Web del IPv6 Council Espa\u00f1a.<\/p>\r\n<p><a href=\"https:\/\/www.w-a-t.group\/\"><img loading=\"lazy\" class=\"aligncenter wp-image-779 size-thumbnail\" src=\"https:\/\/www.ipv6council.es\/wp-content\/uploads\/2024\/05\/logoWAT_bkg-150x150.jpeg\" alt=\"\" width=\"150\" height=\"150\" \/><\/a><\/p>\r\n<p style=\"text-align: center;\">Agradecemos tambi\u00e9n a <a href=\"https:\/\/www.w-a-t.group\/\">W-A-T Group<\/a> como venue-sponsor de los eventos anuales en 2024 y 2025.<\/p>\r\n<p>&nbsp;<\/p>\r\n<p>&nbsp;<\/p>","protected":false},"excerpt":{"rendered":"<p>&nbsp; Sectores Digitales y Econ\u00f3micos Relevantes Penetraci\u00f3n, Referentes y Casos de Uso &nbsp; V\u00eddeos Cortos para Empresas \u00a0 \u00a0 \u00a0 \u00a0 \u00a0 \u00a0 Sponsors<\/p>\n","protected":false},"author":1,"featured_media":0,"parent":0,"menu_order":0,"comment_status":"closed","ping_status":"closed","template":"","meta":{"neve_meta_sidebar":"","neve_meta_container":"","neve_meta_enable_content_width":"off","neve_meta_content_width":100,"neve_meta_title_alignment":"","neve_meta_author_avatar":"","neve_post_elements_order":"","neve_meta_disable_header":"","neve_meta_disable_footer":"","neve_meta_disable_title":"on"},"_links":{"self":[{"href":"https:\/\/www.ipv6council.es\/index.php\/wp-json\/wp\/v2\/pages\/15"}],"collection":[{"href":"https:\/\/www.ipv6council.es\/index.php\/wp-json\/wp\/v2\/pages"}],"about":[{"href":"https:\/\/www.ipv6council.es\/index.php\/wp-json\/wp\/v2\/types\/page"}],"author":[{"embeddable":true,"href":"https:\/\/www.ipv6council.es\/index.php\/wp-json\/wp\/v2\/users\/1"}],"replies":[{"embeddable":true,"href":"https:\/\/www.ipv6council.es\/index.php\/wp-json\/wp\/v2\/comments?post=15"}],"version-history":[{"count":138,"href":"https:\/\/www.ipv6council.es\/index.php\/wp-json\/wp\/v2\/pages\/15\/revisions"}],"predecessor-version":[{"id":1937,"href":"https:\/\/www.ipv6council.es\/index.php\/wp-json\/wp\/v2\/pages\/15\/revisions\/1937"}],"wp:attachment":[{"href":"https:\/\/www.ipv6council.es\/index.php\/wp-json\/wp\/v2\/media?parent=15"}],"curies":[{"name":"wp","href":"https:\/\/api.w.org\/{rel}","templated":true}]}}