
{"id":1737,"date":"2026-02-20T22:49:34","date_gmt":"2026-02-20T22:49:34","guid":{"rendered":"https:\/\/www.ipv6council.es\/?page_id=1737"},"modified":"2026-03-21T23:37:43","modified_gmt":"2026-03-21T23:37:43","slug":"comunidad-ciber-ipv6","status":"publish","type":"page","link":"https:\/\/www.ipv6council.es\/index.php\/comunidad-ciber-ipv6\/","title":{"rendered":"Comunidad Ciber IPv6"},"content":{"rendered":"<p><\/p>\n<div class=\"wp-block-column\" style=\"flex-basis: 100%;\">\n<p>&nbsp;<\/p>\n<nav aria-label=\"breadcrumbs\">\n            <div class=\"breadcrumb-container theme1\">\n                <ol>\n                                    <\/ol>\n            <\/div>\n        <\/nav>    <script type=\"application\/ld+json\">\n        {\n            \"@context\": \"http:\/\/schema.org\",\n            \"@type\": \"BreadcrumbList\",\n            \"itemListElement\": [\n                            ]\n        }\n    <\/script>\n   \n    <script>\n            <\/script>\n\n<\/div>\n<h2 style=\"text-align: center;\"><span style=\"color: #0000ff;\">Comunidad Ciber del IPv6 Council Espa\u00f1a<\/span><\/h2>\n<p><img loading=\"lazy\" class=\"aligncenter wp-image-1738 size-medium\" src=\"https:\/\/www.ipv6council.es\/wp-content\/uploads\/2026\/02\/Comunidad_IPv6-300x300.png\" alt=\"\" width=\"300\" height=\"300\" srcset=\"https:\/\/www.ipv6council.es\/wp-content\/uploads\/2026\/02\/Comunidad_IPv6-300x300.png 300w, https:\/\/www.ipv6council.es\/wp-content\/uploads\/2026\/02\/Comunidad_IPv6-150x150.png 150w, https:\/\/www.ipv6council.es\/wp-content\/uploads\/2026\/02\/Comunidad_IPv6-768x768.png 768w, https:\/\/www.ipv6council.es\/wp-content\/uploads\/2026\/02\/Comunidad_IPv6.png 1024w\" sizes=\"(max-width: 300px) 100vw, 300px\" \/><\/p>\n<h3><a href=\"https:\/\/docs.google.com\/forms\/d\/1W5WUsm3UtyrUbhjTgTZvY65o55mbmhlciZCHS7U7ncM\/edit\">\u00bf Quieres ser miembro de nuestra comunidad Ciber ? Ap\u00fantate!<\/a><\/h3>\n<p>Recibir\u00e1s como obsequio gratuito el libro &#8220;IPv6 Handbook. Vol. 1&#8221; de Fede Teti (alias, Crash0v3rr1d3) en su edici\u00f3n especial para el IPv6 Council Espa\u00f1a y te enviaremos un resumen mensual con nuestros posts, pr\u00f3ximos evento y noticias relevantes (no recibir\u00e1s ning\u00fan correo adicional).<\/p>\n<h3><\/h3>\n<h2><span style=\"color: #808000;\">Posts Relevantes:<\/span><\/h2>\n<p>&nbsp;<\/p>\n<h3><a href=\"https:\/\/www.elladodelmal.com\/2026\/03\/trinetra-datos-y-conocimiento-sobre-el.html\">14-Mar-26 Trinetra: Datos y Conocimiento Sobre el uso de IPv6 en Organizaciones en Espa\u00f1a<\/a><\/h3>\n<h3>\u00a0 \u00a0 \u00a0 \u00a0 \u00a0 \u00a0 \u00a0 \u00a0 \u00a0 \u00a0 \u00a0 \u00a0 \u00a0 (<a href=\"https:\/\/www.mypublicinbox.com\/ChemaAlonso\">Chema Alonso<\/a> y <a href=\"https:\/\/www.mypublicinbox.com\/Ralli\">Carlos Ralli<\/a>)<\/h3>\n<h3><a href=\"https:\/\/www.ipv6council.es\/index.php\/2026\/03\/07\/seclab-por-que-necesitas-un-laboratorio-ipv6-only\/\">7-Mar-26 SecLab: Por qu\u00e9 necesitas un laboratorio IPv6-only<\/a><\/h3>\n<h3>\u00a0 \u00a0 \u00a0 \u00a0 \u00a0 \u00a0 \u00a0 \u00a0 \u00a0 \u00a0 \u00a0 \u00a0 \u00a0 \u00a0(jltallon)<\/h3>\n<h3><a href=\"https:\/\/www.ipv6council.es\/index.php\/2026\/02\/25\/bienvenidos-comunidad-ciber\">25-Feb-26\u00a0 Bienvenidos a la Comunidad de Ciberseguridad IPv6!<\/a><\/h3>\n<h3>\u00a0 \u00a0 \u00a0 \u00a0 \u00a0 \u00a0 \u00a0 \u00a0 \u00a0 \u00a0 \u00a0 \u00a0 \u00a0 \u00a0(Fede, alias <span style=\"font-weight: 400;\">Crash0v3rr1d3).<\/span><\/h3>\n<p>&nbsp;<\/p>\n<h2><span style=\"color: #808000;\">Pr\u00f3ximamente:<\/span><\/h2>\n<ul>\n<li>C\u00f3mo podemos crear un entorno de pruebas de pentesting IPv6<\/li>\n<li>IPv6 y Agentes-IA\/MCP<\/li>\n<li>Adaptaci\u00f3n de una famosa herramienta de pentesting<\/li>\n<li>M\u00e1s informes que nos proporciona Trinetra, nuestra herramienta para la foto IPv6 de empresas y organizaciones en Espa\u00f1a, por cralli.<\/li>\n<\/ul>\n<p><img loading=\"lazy\" class=\"alignleft wp-image-1723\" src=\"https:\/\/www.ipv6council.es\/wp-content\/uploads\/2026\/02\/trinetra_logo-4-150x150.jpg\" alt=\"\" width=\"60\" height=\"60\" srcset=\"https:\/\/www.ipv6council.es\/wp-content\/uploads\/2026\/02\/trinetra_logo-4-150x150.jpg 150w, https:\/\/www.ipv6council.es\/wp-content\/uploads\/2026\/02\/trinetra_logo-4.jpg 261w\" sizes=\"(max-width: 60px) 100vw, 60px\" \/><\/p>\n<p>&nbsp;<\/p>\n<p><a href=\"https:\/\/www.ipv6council.es\/index.php\/trinetra_report_feb26\/\">Informe provisional de Febrero-26 en Espa\u00f1a.<\/a><\/p>\n<p>&nbsp;<\/p>\n<p>Y, lo m\u00e1s importante, <span style=\"font-weight: 400;\">Crash0v3rr1d3, va a compartir con nosotros de manera gratuita para la comunidad ciber del Council, el primer volumen de su libro &#8220;IPv6 Handbook&#8221;. Estad atentos para conseguirlo en esta p\u00e1gina pr\u00f3ximamente!<\/span><\/p>\n<p><img loading=\"lazy\" class=\"alignnone wp-image-1983 size-medium\" src=\"https:\/\/www.ipv6council.es\/wp-content\/uploads\/2026\/03\/IPv6Handbookvol1-235x300.jpg\" alt=\"\" width=\"235\" height=\"300\" data-wp-editing=\"1\" srcset=\"https:\/\/www.ipv6council.es\/wp-content\/uploads\/2026\/03\/IPv6Handbookvol1-235x300.jpg 235w, https:\/\/www.ipv6council.es\/wp-content\/uploads\/2026\/03\/IPv6Handbookvol1.jpg 437w\" sizes=\"(max-width: 235px) 100vw, 235px\" \/><\/p>\n<p>&nbsp;<\/p>\n<p>&nbsp;<\/p>\n<p>&nbsp;<\/p>\n<p>&nbsp;<\/p>\n<p>&nbsp;<\/p>\n<p>&nbsp;<\/p>","protected":false},"excerpt":{"rendered":"<p>&nbsp; Comunidad Ciber del IPv6 Council Espa\u00f1a \u00bf Quieres ser miembro de nuestra comunidad Ciber ? Ap\u00fantate! Recibir\u00e1s como obsequio gratuito el libro &#8220;IPv6 Handbook. Vol. 1&#8221; de Fede Teti (alias, Crash0v3rr1d3) en su edici\u00f3n especial para el IPv6 Council Espa\u00f1a y te enviaremos un resumen mensual con nuestros posts, pr\u00f3ximos evento y noticias relevantes&hellip;&nbsp;<a href=\"https:\/\/www.ipv6council.es\/index.php\/comunidad-ciber-ipv6\/\" rel=\"bookmark\"><span class=\"screen-reader-text\">Comunidad Ciber IPv6<\/span><\/a><\/p>\n","protected":false},"author":1,"featured_media":0,"parent":0,"menu_order":0,"comment_status":"closed","ping_status":"closed","template":"","meta":{"neve_meta_sidebar":"right","neve_meta_container":"","neve_meta_enable_content_width":"off","neve_meta_content_width":100,"neve_meta_title_alignment":"","neve_meta_author_avatar":"","neve_post_elements_order":"","neve_meta_disable_header":"","neve_meta_disable_footer":"","neve_meta_disable_title":"on"},"_links":{"self":[{"href":"https:\/\/www.ipv6council.es\/index.php\/wp-json\/wp\/v2\/pages\/1737"}],"collection":[{"href":"https:\/\/www.ipv6council.es\/index.php\/wp-json\/wp\/v2\/pages"}],"about":[{"href":"https:\/\/www.ipv6council.es\/index.php\/wp-json\/wp\/v2\/types\/page"}],"author":[{"embeddable":true,"href":"https:\/\/www.ipv6council.es\/index.php\/wp-json\/wp\/v2\/users\/1"}],"replies":[{"embeddable":true,"href":"https:\/\/www.ipv6council.es\/index.php\/wp-json\/wp\/v2\/comments?post=1737"}],"version-history":[{"count":20,"href":"https:\/\/www.ipv6council.es\/index.php\/wp-json\/wp\/v2\/pages\/1737\/revisions"}],"predecessor-version":[{"id":1992,"href":"https:\/\/www.ipv6council.es\/index.php\/wp-json\/wp\/v2\/pages\/1737\/revisions\/1992"}],"wp:attachment":[{"href":"https:\/\/www.ipv6council.es\/index.php\/wp-json\/wp\/v2\/media?parent=1737"}],"curies":[{"name":"wp","href":"https:\/\/api.w.org\/{rel}","templated":true}]}}