
{"id":1928,"date":"2026-02-25T16:17:31","date_gmt":"2026-02-25T16:17:31","guid":{"rendered":"https:\/\/www.ipv6council.es\/?page_id=1928"},"modified":"2026-02-25T16:17:57","modified_gmt":"2026-02-25T16:17:57","slug":"iot-hogar","status":"publish","type":"page","link":"https:\/\/www.ipv6council.es\/index.php\/iot-hogar\/","title":{"rendered":"iot-hogar"},"content":{"rendered":"<p>&nbsp;<\/p>\r\n<nav aria-label=\"breadcrumbs\">\n            <div class=\"breadcrumb-container theme1\">\n                <ol>\n                                    <\/ol>\n            <\/div>\n        <\/nav>    <script type=\"application\/ld+json\">\n        {\n            \"@context\": \"http:\/\/schema.org\",\n            \"@type\": \"BreadcrumbList\",\n            \"itemListElement\": [\n                            ]\n        }\n    <\/script>\n   \n    <script>\n            <\/script>\n\r\n<p>&nbsp;<\/p>\r\n<h2 style=\"text-align: center;\"><span style=\"color: #0000ff;\">Matter\/Thread IoT: Hogar Digital IPv6<\/span><\/h2>\r\n<!-- \/wp:heading -->\r\n\r\n<!-- wp:paragraph -->\r\n<p>La primera empresa en utilizar masivamente 6LowPAN e IPv6 fue NEST, que fu\u00e9 adquirida posteriormente por Google. De ah\u00ed en adelante se defini\u00f3 Thread, un stack de protocolos para redes del hogar.<\/p>\r\n<!-- \/wp:paragraph -->\r\n\r\n<!-- wp:paragraph -->\r\n<p>En 2022 , los gigantes Apple, Amazon, Google y Samsung has estandarizado un protocolo para compatibilidad de ecosistemas IoT del hogar, denominado Matter. Matter propone el uso de IPv6 sobre Wifi o bien Thread (basado en 6LowPAN) para redes mesh LowPAN. A d\u00eda de hoy gigantes como IKEA comercializan sus productos digitales con el sello Matter\/Thread que implica el uso de IPv6 y 6LowPAN para redes malladas. <img loading=\"lazy\" class=\"aligncenter wp-image-1641\" src=\"https:\/\/www.ipv6council.es\/wp-content\/uploads\/2026\/02\/Matter-300x169.jpg\" alt=\"\" width=\"400\" height=\"225\" srcset=\"https:\/\/www.ipv6council.es\/wp-content\/uploads\/2026\/02\/Matter-300x169.jpg 300w, https:\/\/www.ipv6council.es\/wp-content\/uploads\/2026\/02\/Matter-1024x576.jpg 1024w, https:\/\/www.ipv6council.es\/wp-content\/uploads\/2026\/02\/Matter-768x432.jpg 768w, https:\/\/www.ipv6council.es\/wp-content\/uploads\/2026\/02\/Matter.jpg 1396w\" sizes=\"(max-width: 400px) 100vw, 400px\" \/> \u00a0<\/p>\r\n<!-- \/wp:paragraph -->\r\n\r\n<!-- wp:heading -->\r\n<p>&nbsp;<\/p>","protected":false},"excerpt":{"rendered":"<p>&nbsp; &nbsp; Matter\/Thread IoT: Hogar Digital IPv6 La primera empresa en utilizar masivamente 6LowPAN e IPv6 fue NEST, que fu\u00e9 adquirida posteriormente por Google. De ah\u00ed en adelante se defini\u00f3 Thread, un stack de protocolos para redes del hogar. En 2022 , los gigantes Apple, Amazon, Google y Samsung has estandarizado un protocolo para compatibilidad&hellip;&nbsp;<a href=\"https:\/\/www.ipv6council.es\/index.php\/iot-hogar\/\" rel=\"bookmark\"><span class=\"screen-reader-text\">iot-hogar<\/span><\/a><\/p>\n","protected":false},"author":1,"featured_media":0,"parent":0,"menu_order":0,"comment_status":"closed","ping_status":"closed","template":"","meta":{"neve_meta_sidebar":"","neve_meta_container":"","neve_meta_enable_content_width":"off","neve_meta_content_width":100,"neve_meta_title_alignment":"","neve_meta_author_avatar":"","neve_post_elements_order":"","neve_meta_disable_header":"","neve_meta_disable_footer":"","neve_meta_disable_title":"on"},"_links":{"self":[{"href":"https:\/\/www.ipv6council.es\/index.php\/wp-json\/wp\/v2\/pages\/1928"}],"collection":[{"href":"https:\/\/www.ipv6council.es\/index.php\/wp-json\/wp\/v2\/pages"}],"about":[{"href":"https:\/\/www.ipv6council.es\/index.php\/wp-json\/wp\/v2\/types\/page"}],"author":[{"embeddable":true,"href":"https:\/\/www.ipv6council.es\/index.php\/wp-json\/wp\/v2\/users\/1"}],"replies":[{"embeddable":true,"href":"https:\/\/www.ipv6council.es\/index.php\/wp-json\/wp\/v2\/comments?post=1928"}],"version-history":[{"count":2,"href":"https:\/\/www.ipv6council.es\/index.php\/wp-json\/wp\/v2\/pages\/1928\/revisions"}],"predecessor-version":[{"id":1930,"href":"https:\/\/www.ipv6council.es\/index.php\/wp-json\/wp\/v2\/pages\/1928\/revisions\/1930"}],"wp:attachment":[{"href":"https:\/\/www.ipv6council.es\/index.php\/wp-json\/wp\/v2\/media?parent=1928"}],"curies":[{"name":"wp","href":"https:\/\/api.w.org\/{rel}","templated":true}]}}