
{"id":198,"date":"2022-01-28T14:03:56","date_gmt":"2022-01-28T14:03:56","guid":{"rendered":"http:\/\/www.ipv6council.es\/?page_id=198"},"modified":"2026-02-02T17:47:09","modified_gmt":"2026-02-02T17:47:09","slug":"empresas","status":"publish","type":"page","link":"https:\/\/www.ipv6council.es\/index.php\/empresas\/","title":{"rendered":"Empresas"},"content":{"rendered":"<p>&nbsp;<\/p>\r\n<nav aria-label=\"breadcrumbs\">\n            <div class=\"breadcrumb-container theme1\">\n                <ol>\n                                    <\/ol>\n            <\/div>\n        <\/nav>    <script type=\"application\/ld+json\">\n        {\n            \"@context\": \"http:\/\/schema.org\",\n            \"@type\": \"BreadcrumbList\",\n            \"itemListElement\": [\n                            ]\n        }\n    <\/script>\n   \n    <script>\n            <\/script>\n\r\n<h1 style=\"text-align: center;\"><span style=\"color: #0000ff;\">Riesgos y Oportunidades<\/span><\/h1>\r\n\r\n\r\n\r\n<p>Debido al enorme despliegue de IPv6 entre los usuarios finales, en 2026 IPv6 no es una opci\u00f3n sino una tecnolog\u00eda que las empresas deben conocer y adoptar cuanto antes para reducir costes, aprovechar oportunidades y evitar riesgos.<\/p>\r\n<p><img loading=\"lazy\" class=\"aligncenter wp-image-1607 size-large\" src=\"https:\/\/www.ipv6council.es\/wp-content\/uploads\/2026\/02\/EmpresasOportunidadesRiesgos-1024x574.jpg\" alt=\"\" width=\"1024\" height=\"574\" srcset=\"https:\/\/www.ipv6council.es\/wp-content\/uploads\/2026\/02\/EmpresasOportunidadesRiesgos-1024x574.jpg 1024w, https:\/\/www.ipv6council.es\/wp-content\/uploads\/2026\/02\/EmpresasOportunidadesRiesgos-300x168.jpg 300w, https:\/\/www.ipv6council.es\/wp-content\/uploads\/2026\/02\/EmpresasOportunidadesRiesgos-768x430.jpg 768w, https:\/\/www.ipv6council.es\/wp-content\/uploads\/2026\/02\/EmpresasOportunidadesRiesgos-1536x861.jpg 1536w, https:\/\/www.ipv6council.es\/wp-content\/uploads\/2026\/02\/EmpresasOportunidadesRiesgos.jpg 2000w\" sizes=\"(max-width: 1024px) 100vw, 1024px\" \/><\/p>\r\n<p>Los <span style=\"color: #0000ff;\"><strong>c<span style=\"color: #0000ff;\">o<\/span>stes de operaci\u00f3n<\/strong><\/span> de las redes se reducen significativamente y la <strong><span style=\"color: #0000ff;\">escalabilidad<\/span><\/strong> crece notablemente debido a arquitecturas m\u00e1s sencillas derivadas de la ausencia de solape de direccionamientos, elementos de traducci\u00f3n (NATs), etc. As\u00ed por ejemplo, existen referentes como el de <span style=\"color: #0000ff;\">Netflix<\/span> y su arquitectura de <span style=\"color: #0000ff;\">IPv6-only Cloud backends.<\/span><\/p>\r\n<p>Por otro lado, existen numerosas <strong><span style=\"color: #0000ff;\">innovaciones que ya no pueden hacerse si no se dispone de IPv6<\/span><\/strong>, como por ejemplo, el<span style=\"color: #0000ff;\"> IoT del Hogar<\/span> del exitoso ecosistema <span style=\"color: #0000ff;\">Matter\/Thread<\/span> (Apple, AWS, Google, IKEA, Samsung y docenas de empresas m\u00e1s), el incipiente ecosistema de<span style=\"color: #0000ff;\"> IoT industrial WI SUN<\/span> que emplea 6LowPAN o las <span style=\"color: #0000ff;\">redes programables IP nativas con SRv6<\/span> (Segmentated-Routing-IPv6) desplegado por numeros ISPs a nivel mundial o gigantes de la banca (<span style=\"color: #0000ff;\">Goldman Sachs<\/span>) o el retail (<span style=\"color: #0000ff;\">Alibaba<\/span>). La consultora Roland Berger ha asignado a estas innovaciones una oportunidad de hasta 10 Trillones de d\u00f3lares americanos.<\/p>\r\n<p>Un punto relevante, <span style=\"color: #0000ff;\"><strong>no adoptar IPv6 supone un riesgo de Ciberseguridad<\/strong><\/span> que las empresas no deben correr, puesto que al no ser activas en esta disciplina las herramientas de seguridad no soportar\u00e1n o no estar\u00e1n debidamente configuradas para securizar este protocolo y adem\u00e1s los expertos de seguridad y el CISO no desarrollar\u00e1n los conocimientos y experiencia necesarios para defenderse. As\u00ed, ya se han producido ataques empleando vectores IPv6 relacionados con dispositivos IoT o el direccionamiento autom\u00e1tico (SLAAC) y algunas consultoras ya han identificado un significativo porcentaje de recursos IPv6 de las empresas no inventariados <span style=\"color: #0000ff;\"><strong>(Shadow IPv6<\/strong><\/span>), debido a configuraciones err\u00f3neas o falta de control y\/o conocimiento.<\/p>\r\n<p>Finalmente, otro riesgo adicional es el perder competitvidad (o soberan\u00eda tecnol\u00f3gica) puesto que IPv6 es una tecnolog\u00eda embebida en todos los elementos de la cadena de valor digital (Dispositivos, redes, Sistemas Operativos, Runtimes, Middleware, Plataformas, Clouds, Aplicaciones) y si no se investiga en esta disciplina quedaremos desplazados por otros que s\u00ed lo hagan.<\/p>\r\n<p>&nbsp;<\/p>\r\n<h1 style=\"text-align: center;\"><span style=\"color: #0000ff;\">IPv6 Seg\u00fan Gartner<\/span><\/h1>\r\n<p><a href=\"https:\/\/blogs.gartner.com\/andrew-lerner\/2021\/10\/11\/networking-hype-cycle-2021\/\">Seg\u00fan Gartneer<\/a>\u00a0(<a href=\"https:\/\/blogs.gartner.com\/andrew-lerner\/2021\/10\/11\/networking-hype-cycle-2021\/\">Gartner Hype Cycle for Enterprise Networking 2021)<\/a><strong>,<\/strong> IPv6 es una de las tecnolog\u00edas para entornos corporativos, que tras superar varias de las fases de su conocido ciclo de Hype, est\u00e1n justo en la <a href=\"https:\/\/www.bmc.com\/blogs\/hype-cycle-slope-of-enlightenment\/\">antesala del despliegue masivo en producci\u00f3n<\/a> (&#8220;plateau of productivity&#8221;).<\/p>\r\n\r\n\r\n\r\n<p>Calculan que esto ocurrir\u00e1 de aqu\u00ed a 5-10 a\u00f1os, aunque otras fuentes aseguran que esto ya est\u00e1 ocurriendo debido al liderazgo en sus servicios globales en producci\u00f3n de gigantes como Netflix, Apple, Google, Facebook y Amazon.<\/p>\r\n\r\n\r\n\r\n<figure class=\"wp-block-image size-large\"><a href=\"https:\/\/blogs.gartner.com\/andrew-lerner\/2021\/10\/11\/networking-hype-cycle-2021\/\"><img loading=\"lazy\" width=\"1024\" height=\"591\" class=\"wp-image-386\" src=\"https:\/\/www.ipv6council.es\/wp-content\/uploads\/2022\/02\/image-19-1024x591.png\" alt=\"\" srcset=\"https:\/\/www.ipv6council.es\/wp-content\/uploads\/2022\/02\/image-19-1024x591.png 1024w, https:\/\/www.ipv6council.es\/wp-content\/uploads\/2022\/02\/image-19-300x173.png 300w, https:\/\/www.ipv6council.es\/wp-content\/uploads\/2022\/02\/image-19-768x443.png 768w, https:\/\/www.ipv6council.es\/wp-content\/uploads\/2022\/02\/image-19.png 1362w\" sizes=\"(max-width: 1024px) 100vw, 1024px\" \/><\/a><\/figure>\r\n\r\n\r\n\r\n<p>&nbsp;<\/p>\r\n<p>En los an\u00e1lisis realizados en el IPv6 Council Espa\u00f1a, se ha concluido que en los entornos corporativos el despliegue de IPv6 va llegar por el empuje de los desarrollos de Internet de las Cosas (Hogar Digital, Smarticities, etc.), las aplicaciones masivas o de alto rendimiento en Cloud (IA, Servicios hiper-escalables), la evoluci\u00f3n de las herramientas y vulnerabilidades de Ciberseguridad o la regulaci\u00f3n.<\/p>\r\n\r\n\r\n\r\n<p>Contrasta con el enfoque hace a\u00f1os, en el que la iniciativa correspond\u00eda \u00fanicamente a equipos de Networking (simplificaci\u00f3n y evoluci\u00f3n de red). En realidad, dichos equipos ya conocen esta tecnolog\u00eda y asimilaron que se adoptar\u00eda en un futuro, aunque se ha ido posponiendo principalmente por evitar riesgos y evitar gastos no prioritarios.<\/p>\r\n<h1 style=\"text-align: center;\"><span style=\"color: #0000ff;\">Estrategia y Modelo de Adopci\u00f3n de IPv6<\/span><\/h1>\r\n\r\n\r\n\r\n<p>En las empresas es fundamental definir un marco de adopci\u00f3n de IPv6 que incluya labores de formaci\u00f3n, verificaci\u00f3n del status quo y compatibilidad de soluciones y en muchos casos un equipo de gesti\u00f3n estrat\u00e9gico trasversal.<\/p>\r\n<p>&nbsp;<\/p>\r\n<p>&nbsp;<\/p>\r\n<p>&nbsp;<\/p>","protected":false},"excerpt":{"rendered":"<p>&nbsp; Riesgos y Oportunidades Debido al enorme despliegue de IPv6 entre los usuarios finales, en 2026 IPv6 no es una opci\u00f3n sino una tecnolog\u00eda que las empresas deben conocer y adoptar cuanto antes para reducir costes, aprovechar oportunidades y evitar riesgos. Los costes de operaci\u00f3n de las redes se reducen significativamente y la escalabilidad crece&hellip;&nbsp;<a href=\"https:\/\/www.ipv6council.es\/index.php\/empresas\/\" rel=\"bookmark\"><span class=\"screen-reader-text\">Empresas<\/span><\/a><\/p>\n","protected":false},"author":1,"featured_media":0,"parent":0,"menu_order":0,"comment_status":"closed","ping_status":"closed","template":"","meta":{"neve_meta_sidebar":"","neve_meta_container":"","neve_meta_enable_content_width":"off","neve_meta_content_width":100,"neve_meta_title_alignment":"","neve_meta_author_avatar":"","neve_post_elements_order":"","neve_meta_disable_header":"","neve_meta_disable_footer":"","neve_meta_disable_title":"on"},"_links":{"self":[{"href":"https:\/\/www.ipv6council.es\/index.php\/wp-json\/wp\/v2\/pages\/198"}],"collection":[{"href":"https:\/\/www.ipv6council.es\/index.php\/wp-json\/wp\/v2\/pages"}],"about":[{"href":"https:\/\/www.ipv6council.es\/index.php\/wp-json\/wp\/v2\/types\/page"}],"author":[{"embeddable":true,"href":"https:\/\/www.ipv6council.es\/index.php\/wp-json\/wp\/v2\/users\/1"}],"replies":[{"embeddable":true,"href":"https:\/\/www.ipv6council.es\/index.php\/wp-json\/wp\/v2\/comments?post=198"}],"version-history":[{"count":38,"href":"https:\/\/www.ipv6council.es\/index.php\/wp-json\/wp\/v2\/pages\/198\/revisions"}],"predecessor-version":[{"id":1614,"href":"https:\/\/www.ipv6council.es\/index.php\/wp-json\/wp\/v2\/pages\/198\/revisions\/1614"}],"wp:attachment":[{"href":"https:\/\/www.ipv6council.es\/index.php\/wp-json\/wp\/v2\/media?parent=198"}],"curies":[{"name":"wp","href":"https:\/\/api.w.org\/{rel}","templated":true}]}}