
{"id":200,"date":"2022-01-28T14:01:12","date_gmt":"2022-01-28T14:01:12","guid":{"rendered":"http:\/\/www.ipv6council.es\/?page_id=200"},"modified":"2026-02-02T18:35:38","modified_gmt":"2026-02-02T18:35:38","slug":"casos-de-exito","status":"publish","type":"page","link":"https:\/\/www.ipv6council.es\/index.php\/casos-de-exito\/","title":{"rendered":"Casos de \u00c9xito"},"content":{"rendered":"<div class=\"wp-block-columns\">\r\n<div class=\"wp-block-column\" style=\"flex-basis: 100%;\">\r\n<div class=\"wp-block-columns is-style-default\">\r\n<div class=\"wp-block-column\" style=\"flex-basis: 100%;\">\r\n<div class=\"wp-block-columns\">\r\n<div class=\"wp-block-column\" style=\"flex-basis: 100%;\">\r\n<p>&nbsp;<\/p>\r\n<nav aria-label=\"breadcrumbs\">\n            <div class=\"breadcrumb-container theme1\">\n                <ol>\n                                    <\/ol>\n            <\/div>\n        <\/nav>    <script type=\"application\/ld+json\">\n        {\n            \"@context\": \"http:\/\/schema.org\",\n            \"@type\": \"BreadcrumbList\",\n            \"itemListElement\": [\n                            ]\n        }\n    <\/script>\n   \n    <script>\n            <\/script>\n\r\n<\/div>\r\n<h2 style=\"text-align: center;\"><span style=\"color: #0000ff;\">Casos de \u00c9xito: Referentes Corporativos IPv6<\/span><\/h2>\r\n<div class=\"wp-block-column\" style=\"flex-basis: 100%;\">\r\n<p>En el periodo 2010-2015 las grandes empresas tecnol\u00f3gicas de Internet lideraron los despliegues de IPv6. Sin embargo, a partir de 2016, gracias a los despliegues en redes fijas y m\u00f3viles en muchos pa\u00edses, as\u00ed como la adopci\u00f3n por parte de los principales ecosistemas m\u00f3viles y otros dispositivos, actores relevantes de diversos sectores se han unido como pioneros corporativos de esta adopci\u00f3n Global.<\/p>\r\n<p>A continuaci\u00f3n, enlazamos detalles de referentes relevantes en el mundo de las redes corporativas en sectores tan dispares como ingenier\u00eda, medios audiovisuales, redes sociales o econom\u00eda colaborativa.\u00a0<\/p>\r\n<\/div>\r\n<div style=\"display: flex; justify-content: center; gap: 20px; flex-wrap: wrap;\">\r\n<div style=\"flex: 0 0 auto; text-align: center;\"><a href=\"https:\/\/blog.apnic.net\/2020\/08\/26\/netflix-over-ipv6-a-longitudinal-study\/\"><img loading=\"lazy\" class=\"alignnone wp-image-1615 size-medium\" src=\"https:\/\/www.ipv6council.es\/wp-content\/uploads\/2026\/02\/Netflix-300x150.jpg\" alt=\"\" width=\"300\" height=\"150\" \/><\/a><\/div>\r\n<div style=\"flex: 0 0 auto; text-align: center;\"><a href=\"https:\/\/troopers.de\/troopers19\/agenda\/h7sv7v\/\"><img loading=\"lazy\" class=\"alignnone wp-image-1618 size-thumbnail\" src=\"https:\/\/www.ipv6council.es\/wp-content\/uploads\/2026\/02\/Microsoft-150x150.jpg\" alt=\"\" width=\"150\" height=\"150\" \/><\/a><\/div>\r\n<div style=\"flex: 0 0 auto; text-align: center;\"><a href=\"https:\/\/community.spotify.com\/t5\/Closed-Ideas\/Other-IPv6-Support\/idi-p\/4469460\"><img loading=\"lazy\" class=\"alignnone wp-image-1619 size-thumbnail\" src=\"https:\/\/www.ipv6council.es\/wp-content\/uploads\/2026\/02\/Spotify-150x150.jpg\" alt=\"\" width=\"150\" height=\"150\" \/><\/a><\/div>\r\n<div style=\"flex: 0 0 auto; text-align: center;\"><a href=\"https:\/\/eng.uber.com\/ipv6\/\"><img loading=\"lazy\" class=\"alignnone wp-image-1620 size-thumbnail\" src=\"https:\/\/www.ipv6council.es\/wp-content\/uploads\/2026\/02\/Uber-150x150.jpg\" alt=\"\" width=\"150\" height=\"150\" \/><\/a><\/div>\r\n<\/div>\r\n<p>&nbsp;<\/p>\r\n<h2 style=\"text-align: center;\"><span style=\"color: #0000ff;\">Casos de \u00c9xito: Referentes Corporativos SRv6<\/span><\/h2>\r\n\r\n<div style=\"display: flex; justify-content: center; gap: 20px; flex-wrap: wrap;\">\r\n<div style=\"flex: 0 0 auto; text-align: center;\">\r\n<p><a href=\"https:\/\/www.segment-routing.net\/conferences\/Paris25-Goldman-Sachs-Michael-Valentine\/\"><img loading=\"lazy\" class=\"alignnone size-medium wp-image-1628\" src=\"https:\/\/www.ipv6council.es\/wp-content\/uploads\/2026\/02\/Goldman-300x169.jpg\" alt=\"\" width=\"300\" height=\"169\" srcset=\"https:\/\/www.ipv6council.es\/wp-content\/uploads\/2026\/02\/Goldman-300x169.jpg 300w, https:\/\/www.ipv6council.es\/wp-content\/uploads\/2026\/02\/Goldman-1024x576.jpg 1024w, https:\/\/www.ipv6council.es\/wp-content\/uploads\/2026\/02\/Goldman-768x432.jpg 768w, https:\/\/www.ipv6council.es\/wp-content\/uploads\/2026\/02\/Goldman-1536x865.jpg 1536w, https:\/\/www.ipv6council.es\/wp-content\/uploads\/2026\/02\/Goldman.jpg 1700w\" sizes=\"(max-width: 300px) 100vw, 300px\" \/><\/a><\/p>\r\n<\/div>\r\n<div style=\"flex: 0 0 auto; text-align: center;\">\r\n<p><a href=\"https:\/\/www.youtube.com\/watch?v=LR0eyybsohM\"><img loading=\"lazy\" class=\"alignnone wp-image-1626 size-medium\" src=\"https:\/\/www.ipv6council.es\/wp-content\/uploads\/2026\/02\/Alibaba-300x169.jpg\" alt=\"\" width=\"300\" height=\"169\" srcset=\"https:\/\/www.ipv6council.es\/wp-content\/uploads\/2026\/02\/Alibaba-300x169.jpg 300w, https:\/\/www.ipv6council.es\/wp-content\/uploads\/2026\/02\/Alibaba-768x432.jpg 768w, https:\/\/www.ipv6council.es\/wp-content\/uploads\/2026\/02\/Alibaba.jpg 828w\" sizes=\"(max-width: 300px) 100vw, 300px\" \/><\/a><\/p>\r\n<\/div>\r\n<div style=\"flex: 0 0 auto; text-align: center;\">\r\n<p><a href=\"https:\/\/blogthinkbig.com\/vivo-lidera-las-redes-programables-de-nueva-generacion\"><img loading=\"lazy\" class=\"alignnone wp-image-1627 size-medium\" src=\"https:\/\/www.ipv6council.es\/wp-content\/uploads\/2026\/02\/VIVO-300x193.jpg\" alt=\"\" width=\"300\" height=\"193\" srcset=\"https:\/\/www.ipv6council.es\/wp-content\/uploads\/2026\/02\/VIVO-300x193.jpg 300w, https:\/\/www.ipv6council.es\/wp-content\/uploads\/2026\/02\/VIVO.jpg 691w\" sizes=\"(max-width: 300px) 100vw, 300px\" \/><\/a><\/p>\r\n<\/div>\r\n<\/div>\r\n\r\n<h2 style=\"text-align: center;\"><span style=\"color: #0000ff;\">Casos de \u00c9xito: Referentes Corporativos Matter\/Thread<\/span><\/h2>\r\n<p><a href=\"https:\/\/www.youtube.com\/watch?v=iqbVfexn1Ko\"><img loading=\"lazy\" class=\"size-medium wp-image-1629 aligncenter\" src=\"https:\/\/www.ipv6council.es\/wp-content\/uploads\/2026\/02\/Ikea-300x156.jpg\" alt=\"\" width=\"300\" height=\"156\" srcset=\"https:\/\/www.ipv6council.es\/wp-content\/uploads\/2026\/02\/Ikea-300x156.jpg 300w, https:\/\/www.ipv6council.es\/wp-content\/uploads\/2026\/02\/Ikea-768x400.jpg 768w, https:\/\/www.ipv6council.es\/wp-content\/uploads\/2026\/02\/Ikea.jpg 778w\" sizes=\"(max-width: 300px) 100vw, 300px\" \/><\/a><\/p>\r\n<p>Si conoces alg\u00fan ejemplo que deber\u00eda estar aqu\u00ed, no dudes en <a href=\"mailto:ipv6forum.spain@gmail.com\" data-type=\"mailto\" data-id=\"mailto:ipv6forum.spain@gmail.com\">contactar con este foro<\/a> para que lo analicemos.<\/p>\r\n<\/div>\r\n<p>&nbsp;<\/p>\r\n<div class=\"wp-block-columns\">\r\n<div class=\"wp-block-columns\">\r\n<div class=\"wp-block-column\" style=\"flex-basis: 100%;\">\r\n<p>&nbsp;<\/p>\r\n<\/div>\r\n<\/div>\r\n<\/div>\r\n<\/div>\r\n<\/div>\r\n<\/div>\r\n<\/div>","protected":false},"excerpt":{"rendered":"","protected":false},"author":1,"featured_media":0,"parent":0,"menu_order":0,"comment_status":"closed","ping_status":"closed","template":"","meta":{"neve_meta_sidebar":"","neve_meta_container":"","neve_meta_enable_content_width":"off","neve_meta_content_width":100,"neve_meta_title_alignment":"","neve_meta_author_avatar":"","neve_post_elements_order":"","neve_meta_disable_header":"","neve_meta_disable_footer":"","neve_meta_disable_title":"on"},"_links":{"self":[{"href":"https:\/\/www.ipv6council.es\/index.php\/wp-json\/wp\/v2\/pages\/200"}],"collection":[{"href":"https:\/\/www.ipv6council.es\/index.php\/wp-json\/wp\/v2\/pages"}],"about":[{"href":"https:\/\/www.ipv6council.es\/index.php\/wp-json\/wp\/v2\/types\/page"}],"author":[{"embeddable":true,"href":"https:\/\/www.ipv6council.es\/index.php\/wp-json\/wp\/v2\/users\/1"}],"replies":[{"embeddable":true,"href":"https:\/\/www.ipv6council.es\/index.php\/wp-json\/wp\/v2\/comments?post=200"}],"version-history":[{"count":17,"href":"https:\/\/www.ipv6council.es\/index.php\/wp-json\/wp\/v2\/pages\/200\/revisions"}],"predecessor-version":[{"id":1633,"href":"https:\/\/www.ipv6council.es\/index.php\/wp-json\/wp\/v2\/pages\/200\/revisions\/1633"}],"wp:attachment":[{"href":"https:\/\/www.ipv6council.es\/index.php\/wp-json\/wp\/v2\/media?parent=200"}],"curies":[{"name":"wp","href":"https:\/\/api.w.org\/{rel}","templated":true}]}}