
{"id":209,"date":"2022-01-28T14:12:13","date_gmt":"2022-01-28T14:12:13","guid":{"rendered":"http:\/\/www.ipv6council.es\/?page_id=209"},"modified":"2026-03-02T09:11:15","modified_gmt":"2026-03-02T09:11:15","slug":"acerca-de","status":"publish","type":"page","link":"https:\/\/www.ipv6council.es\/index.php\/acerca-de\/","title":{"rendered":"Acerca de"},"content":{"rendered":"<div>\u00a0<\/div>\r\n<div>\u00a0<\/div>\r\n<div><nav aria-label=\"breadcrumbs\">\n            <div class=\"breadcrumb-container theme1\">\n                <ol>\n                                    <\/ol>\n            <\/div>\n        <\/nav>    <script type=\"application\/ld+json\">\n        {\n            \"@context\": \"http:\/\/schema.org\",\n            \"@type\": \"BreadcrumbList\",\n            \"itemListElement\": [\n                            ]\n        }\n    <\/script>\n   \n    <script>\n            <\/script>\n<\/div>\r\n<p>IPv6 Council Espa\u00f1a es un foro de encuentro para todos aquellos actores interesados adoptar IPv6 o bien facilitar la adopci\u00f3n de IPv6 en Espa\u00f1a.<\/p>\r\n<p>En a\u00f1os anteriores el foco estaba en los despliegues en redes de distintos \u00e1mbitos, sin embargo a d\u00eda de hoy la mayor ayuda que entendemos que podemos prestar desde aqu\u00ed es informaci\u00f3n para la adopci\u00f3n por parte de las empresas en Espa\u00f1a.<\/p>\r\n<p>\u00a0En la siguiente imagen puedes ver nuestra visi\u00f3n y misi\u00f3n, seg\u00fan las cuales billones de usuarios finales ya disfrutan de IPv6 y, siguiendo el modelo t\u00edpico de muchos paradigmas de Internet, ahora es el turno de empresas e infraestructuras p\u00fablicas.<\/p>\r\n<p><img loading=\"lazy\" class=\"alignnone size-large wp-image-1635\" src=\"https:\/\/www.ipv6council.es\/wp-content\/uploads\/2026\/02\/VisionMisionCouncil-1024x581.jpg\" alt=\"\" width=\"1024\" height=\"581\" srcset=\"https:\/\/www.ipv6council.es\/wp-content\/uploads\/2026\/02\/VisionMisionCouncil-1024x581.jpg 1024w, https:\/\/www.ipv6council.es\/wp-content\/uploads\/2026\/02\/VisionMisionCouncil-300x170.jpg 300w, https:\/\/www.ipv6council.es\/wp-content\/uploads\/2026\/02\/VisionMisionCouncil-768x436.jpg 768w, https:\/\/www.ipv6council.es\/wp-content\/uploads\/2026\/02\/VisionMisionCouncil-1536x872.jpg 1536w, https:\/\/www.ipv6council.es\/wp-content\/uploads\/2026\/02\/VisionMisionCouncil.jpg 1982w\" sizes=\"(max-width: 1024px) 100vw, 1024px\" \/><\/p>\r\n\r\n\r\n\r\n<h2 style=\"text-align: center;\"><span style=\"color: #0000ff;\"><strong>Plan Estrat\u00e9gico 2026<\/strong><\/span><\/h2>\r\n\r\n\r\n\r\n<p>Nuestro plan Estrat\u00e9gico para 2026 se centra en tres \u00e1reas foco y una iniciativa transversal:<\/p>\r\n<ol>\r\n<li><strong>Ciberseguridad.<\/strong> Nos planteamos resolver el problema de que IPv6 no est\u00e1 en las agendas de muchas conferencias de seguridad ni en las prioridades de agencias de seguridad. Para esto vamos a contar con la colaboraci\u00f3n de un community manager y un conjunto de pentesters.<\/li>\r\n<li><strong>Capacity Building.<\/strong> Nos planteamos identificar una ruta de formaci\u00f3n para profesionales y lanzar cursos para empresas. Para ello contamos con la inestimable colaboraci\u00f3n de CAS-Training.<\/li>\r\n<li><strong>Impulsar Hands-on.<\/strong> Nos planteamos resolver la escasez de experiencia de expertos del sector con actividades y eventos hands-on. Estad atentos a los eventos que iremos anunciando!<\/li>\r\n<li><strong>Iniciativa Transversal Europea.<\/strong> Nos planteamos unir fuerzas con otros Councils IPv6 de Europa, tanto para las tres \u00e1reas foco anteriores, como para el objetivo global de impulsar la adopci\u00f3n por parte de Empresas y de infraestructuras p\u00fablicas.<\/li>\r\n<\/ol>\r\n<p><img loading=\"lazy\" class=\"alignnone size-full wp-image-1637\" src=\"https:\/\/www.ipv6council.es\/wp-content\/uploads\/2026\/02\/2026_Plan.jpg\" alt=\"\" width=\"977\" height=\"550\" srcset=\"https:\/\/www.ipv6council.es\/wp-content\/uploads\/2026\/02\/2026_Plan.jpg 977w, https:\/\/www.ipv6council.es\/wp-content\/uploads\/2026\/02\/2026_Plan-300x169.jpg 300w, https:\/\/www.ipv6council.es\/wp-content\/uploads\/2026\/02\/2026_Plan-768x432.jpg 768w\" sizes=\"(max-width: 977px) 100vw, 977px\" \/><\/p>\r\n<h2><img loading=\"lazy\" class=\"alignnone size-full wp-image-1638\" src=\"https:\/\/www.ipv6council.es\/wp-content\/uploads\/2026\/02\/2026_EU_initiative.jpg\" alt=\"\" width=\"946\" height=\"531\" srcset=\"https:\/\/www.ipv6council.es\/wp-content\/uploads\/2026\/02\/2026_EU_initiative.jpg 946w, https:\/\/www.ipv6council.es\/wp-content\/uploads\/2026\/02\/2026_EU_initiative-300x168.jpg 300w, https:\/\/www.ipv6council.es\/wp-content\/uploads\/2026\/02\/2026_EU_initiative-768x431.jpg 768w\" sizes=\"(max-width: 946px) 100vw, 946px\" \/><\/h2>\r\n<h2 style=\"text-align: center;\"><span style=\"color: #0000ff;\"><strong>Sesiones Online Abiertas y Meet-ups presenciales<\/strong><\/span><\/h2>\r\n\r\n\r\n\r\n<p>En el IPv6 Council Espa\u00f1a contamos con un excelente grupo de miembros permanentes y colaboradores habituales de diversos \u00e1mbitos que nos permiten enfocar la adopci\u00f3n de IPv6 desde m\u00faltiples perspectivas y asegurando que disponemos de toda la informaci\u00f3n necesaria.<\/p>\r\n\r\n\r\n\r\n<p>As\u00ed, en las sesiones abiertas online y meet-ups presenciales (ediciones de 2024 y 2025) organizadas hasta ahora hemos invitado y\/o contado con participantes de diversos sectores econ\u00f3micos.<\/p>\r\n\r\n\r\n\r\n<figure class=\"wp-block-image size-large\"><img loading=\"lazy\" width=\"1024\" height=\"457\" class=\"wp-image-453\" src=\"https:\/\/www.ipv6council.es\/wp-content\/uploads\/2022\/12\/image-3-1024x457.png\" alt=\"\" srcset=\"https:\/\/www.ipv6council.es\/wp-content\/uploads\/2022\/12\/image-3-1024x457.png 1024w, https:\/\/www.ipv6council.es\/wp-content\/uploads\/2022\/12\/image-3-300x134.png 300w, https:\/\/www.ipv6council.es\/wp-content\/uploads\/2022\/12\/image-3-768x343.png 768w, https:\/\/www.ipv6council.es\/wp-content\/uploads\/2022\/12\/image-3.png 1428w\" sizes=\"(max-width: 1024px) 100vw, 1024px\" \/><\/figure>\r\n\r\n\r\n\r\n<p>Y para nutrir todo este ecosistema de informaci\u00f3n, intercambio de ideas y proyectos concretos tenemos representaci\u00f3n de instituciones y \u00e1reas de agentes clave.<\/p>\r\n\r\n\r\n\r\n<figure class=\"wp-block-image size-large\"><img loading=\"lazy\" width=\"1024\" height=\"227\" class=\"wp-image-452\" src=\"https:\/\/www.ipv6council.es\/wp-content\/uploads\/2022\/12\/image-2-1024x227.png\" alt=\"\" srcset=\"https:\/\/www.ipv6council.es\/wp-content\/uploads\/2022\/12\/image-2-1024x227.png 1024w, https:\/\/www.ipv6council.es\/wp-content\/uploads\/2022\/12\/image-2-300x66.png 300w, https:\/\/www.ipv6council.es\/wp-content\/uploads\/2022\/12\/image-2-768x170.png 768w, https:\/\/www.ipv6council.es\/wp-content\/uploads\/2022\/12\/image-2-1536x340.png 1536w, https:\/\/www.ipv6council.es\/wp-content\/uploads\/2022\/12\/image-2-1568x347.png 1568w, https:\/\/www.ipv6council.es\/wp-content\/uploads\/2022\/12\/image-2.png 2000w\" sizes=\"(max-width: 1024px) 100vw, 1024px\" \/><\/figure>\r\n\r\n\r\n\r\n\r\n\r\n\r\n\r\n<figure class=\"wp-block-image size-large\"><\/figure>\r\n\r\n\r\n\r\n<figure class=\"wp-block-image size-large\"><\/figure>\r\n\r\n\r\n\r\n<p>Todas las contribuciones en este foro son responsabilidad de los autores, que contribuyen voluntariamente en base a sus conocimientos y experiencia.<\/p>\r\n<p>\r\n\r\n<\/p>\r\n<p>Cualquier comentario, sugerencia, correcci\u00f3n o posible nueva contribuci\u00f3n es bienvenida, en el <a href=\"mailto:ipv6forum.spain@gmail.com\">buzon de este foro<\/a>.<\/p>\r\n<p>&nbsp;<\/p>\r\n<p>&nbsp;<\/p>\r\n<p>&nbsp;<\/p>","protected":false},"excerpt":{"rendered":"<p>\u00a0 \u00a0 IPv6 Council Espa\u00f1a es un foro de encuentro para todos aquellos actores interesados adoptar IPv6 o bien facilitar la adopci\u00f3n de IPv6 en Espa\u00f1a. En a\u00f1os anteriores el foco estaba en los despliegues en redes de distintos \u00e1mbitos, sin embargo a d\u00eda de hoy la mayor ayuda que entendemos que podemos prestar desde&hellip;&nbsp;<a href=\"https:\/\/www.ipv6council.es\/index.php\/acerca-de\/\" rel=\"bookmark\"><span class=\"screen-reader-text\">Acerca de<\/span><\/a><\/p>\n","protected":false},"author":5,"featured_media":0,"parent":0,"menu_order":0,"comment_status":"closed","ping_status":"closed","template":"","meta":{"neve_meta_sidebar":"","neve_meta_container":"","neve_meta_enable_content_width":"off","neve_meta_content_width":100,"neve_meta_title_alignment":"","neve_meta_author_avatar":"","neve_post_elements_order":"","neve_meta_disable_header":"","neve_meta_disable_footer":"","neve_meta_disable_title":"on"},"_links":{"self":[{"href":"https:\/\/www.ipv6council.es\/index.php\/wp-json\/wp\/v2\/pages\/209"}],"collection":[{"href":"https:\/\/www.ipv6council.es\/index.php\/wp-json\/wp\/v2\/pages"}],"about":[{"href":"https:\/\/www.ipv6council.es\/index.php\/wp-json\/wp\/v2\/types\/page"}],"author":[{"embeddable":true,"href":"https:\/\/www.ipv6council.es\/index.php\/wp-json\/wp\/v2\/users\/5"}],"replies":[{"embeddable":true,"href":"https:\/\/www.ipv6council.es\/index.php\/wp-json\/wp\/v2\/comments?post=209"}],"version-history":[{"count":13,"href":"https:\/\/www.ipv6council.es\/index.php\/wp-json\/wp\/v2\/pages\/209\/revisions"}],"predecessor-version":[{"id":1963,"href":"https:\/\/www.ipv6council.es\/index.php\/wp-json\/wp\/v2\/pages\/209\/revisions\/1963"}],"wp:attachment":[{"href":"https:\/\/www.ipv6council.es\/index.php\/wp-json\/wp\/v2\/media?parent=209"}],"curies":[{"name":"wp","href":"https:\/\/api.w.org\/{rel}","templated":true}]}}