
{"id":271,"date":"2022-02-01T17:01:00","date_gmt":"2022-02-01T17:01:00","guid":{"rendered":"http:\/\/www.ipv6council.es\/?page_id=271"},"modified":"2026-02-25T16:21:24","modified_gmt":"2026-02-25T16:21:24","slug":"ciberseguridad","status":"publish","type":"page","link":"https:\/\/www.ipv6council.es\/index.php\/ciberseguridad\/","title":{"rendered":"Ciberseguridad"},"content":{"rendered":"<p>&nbsp;<\/p>\r\n<nav aria-label=\"breadcrumbs\">\n            <div class=\"breadcrumb-container theme1\">\n                <ol>\n                                    <\/ol>\n            <\/div>\n        <\/nav>    <script type=\"application\/ld+json\">\n        {\n            \"@context\": \"http:\/\/schema.org\",\n            \"@type\": \"BreadcrumbList\",\n            \"itemListElement\": [\n                            ]\n        }\n    <\/script>\n   \n    <script>\n            <\/script>\n\r\n<h2 style=\"text-align: center;\"><span style=\"color: #0000ff;\"><strong>Ciberseguridad<\/strong><\/span><\/h2>\r\n<p>La Ciberseguridad es una de las 3 prioridades en la estrategia 2026 del IPv6 Council Espa\u00f1a, debido al importante despliegue en producci\u00f3n actual:<\/p>\r\n<ul>\r\n<li>Billones de usuarios finales cuyos ISPs de Banda Ancha Fija o Movil han activado IPv6 o v6-only.<\/li>\r\n<li>Millones de Hogares con Altavoces\/Hubs de Amazon, Apple, Google, Ikea o Samsung que despliegan autom\u00e1ticamente redes Matter\/Thread basadas en 6LowPAN (IPv6 en redes mesh).<\/li>\r\n<li>Infra Globales de l\u00edderes Tecnol\u00f3gicos como Amazon AWS, Apple, Google, Meta, Uber, etc.<\/li>\r\n<li>Servicios de early-adopters en varios sectores econ\u00f3micos, que implementan a veces capacidades exclusivas de IPv6: Finanzas (Goldmad Sachs &#8211; RT para servicios financieros con SRv6), Contenidos (Netflix &#8211; Backends v-6 only hiperescalables en AWS), IA (Microsoft &#8211; Datacenters hiperoptimizados para IA con SRv6), etc.<\/li>\r\n<li>Algunos t\u00edmidos despliegues en Espa\u00f1a: Finanzas (acceso IPv6 mediante Cloudflare a Caixabank)<\/li>\r\n<\/ul>\r\n<p>&nbsp;<\/p>\r\n<p>A pesar de estos despliegues, existe un problema importante que es la falta de conocimiento, experiencia, recursos, gu\u00edas y an\u00e1lisis de riesgos y vulnerabilidades que se manifiesta en la ausencia de IPv6 en conferencias de seguridad y la agenda de agencias y organismos espec\u00edficos.<\/p>\r\n<p>Para contribuir a resolver este problema, desde el IPv6 Council Espa\u00f1a hemos lanzado las siguientes iniciativas:<\/p>\r\n<ol>\r\n<li><strong>Grupo Pentesters.<\/strong> En una primera fase publicar\u00e1n las gu\u00edas para desplegar entornos privados de hacking \u00e9tico IPv6. En una segunda fase se publicar\u00e1n an\u00e1lisis de riesgos y detalles de vulnerabilidades publicadas externamente. En una tercera fase se publicar\u00e1n recomendaciones, posibles vulnerabilidades o riesgos detectados y desarrollos que puedan ayudar a terceros.<\/li>\r\n<li><strong>Laboratorio SecLab.<\/strong> Para completar los entornos privados de Hacking \u00e9tico, se est\u00e1 desplegando una modesta infraestructura permanente en un Datacenter, que se conectar\u00e1 a otros laboratorios colaboradores.<\/li>\r\n<li><strong>Whitepaper IPv6 para Empresas.<\/strong> En paralelo a las iniciativas anteriores se est\u00e1 generando un paper para establecer y documentar en la medida de lo posible un marco de seguridad en el proceso de adopci\u00f3n de IPv6 en las empresas.<\/li>\r\n<\/ol>\r\n<p>&nbsp;<\/p>\r\n<p>Estad atentos! Pronto pondremos enlaces en esta p\u00e1gina a los documentos accesibles y a nuestra p\u00e1gina de la Comunidad de Ciber del Council.<\/p>\r\n<p>&nbsp;<\/p>\r\n<p>Otras secciones relevantes de Ciberseguridad en esta WEB:<\/p>\r\n<ul>\r\n<li><a href=\"https:\/\/www.ipv6council.es\/index.php\/comunidad-ciber-ipv6\/\">Comunidad Ciber del Council<\/a><\/li>\r\n<li><a href=\"https:\/\/www.ipv6council.es\/index.php\/ciberseguridad\">Instituciones y Agencias<\/a><\/li>\r\n<li><a href=\"https:\/\/www.ipv6council.es\/index.php\/ciber-herramientas\">Herramientas<\/a><\/li>\r\n<li><a href=\"https:\/\/www.ipv6council.es\/index.php\/ciber-incidentes\" data-type=\"URL\">Incidentes<\/a><\/li>\r\n<li><a href=\"https:\/\/www.ipv6council.es\/index.php\/ciber-docs\">Documentos y Art\u00edculos <\/a><\/li>\r\n<\/ul>\r\n\r\n\r\n\r\n<p>&nbsp;<\/p>","protected":false},"excerpt":{"rendered":"<p>&nbsp; Ciberseguridad La Ciberseguridad es una de las 3 prioridades en la estrategia 2026 del IPv6 Council Espa\u00f1a, debido al importante despliegue en producci\u00f3n actual: Billones de usuarios finales cuyos ISPs de Banda Ancha Fija o Movil han activado IPv6 o v6-only. Millones de Hogares con Altavoces\/Hubs de Amazon, Apple, Google, Ikea o Samsung que&hellip;&nbsp;<a href=\"https:\/\/www.ipv6council.es\/index.php\/ciberseguridad\/\" rel=\"bookmark\"><span class=\"screen-reader-text\">Ciberseguridad<\/span><\/a><\/p>\n","protected":false},"author":7,"featured_media":0,"parent":0,"menu_order":0,"comment_status":"closed","ping_status":"closed","template":"","meta":{"neve_meta_sidebar":"","neve_meta_container":"","neve_meta_enable_content_width":"off","neve_meta_content_width":100,"neve_meta_title_alignment":"","neve_meta_author_avatar":"","neve_post_elements_order":"","neve_meta_disable_header":"","neve_meta_disable_footer":"","neve_meta_disable_title":"on"},"_links":{"self":[{"href":"https:\/\/www.ipv6council.es\/index.php\/wp-json\/wp\/v2\/pages\/271"}],"collection":[{"href":"https:\/\/www.ipv6council.es\/index.php\/wp-json\/wp\/v2\/pages"}],"about":[{"href":"https:\/\/www.ipv6council.es\/index.php\/wp-json\/wp\/v2\/types\/page"}],"author":[{"embeddable":true,"href":"https:\/\/www.ipv6council.es\/index.php\/wp-json\/wp\/v2\/users\/7"}],"replies":[{"embeddable":true,"href":"https:\/\/www.ipv6council.es\/index.php\/wp-json\/wp\/v2\/comments?post=271"}],"version-history":[{"count":27,"href":"https:\/\/www.ipv6council.es\/index.php\/wp-json\/wp\/v2\/pages\/271\/revisions"}],"predecessor-version":[{"id":1932,"href":"https:\/\/www.ipv6council.es\/index.php\/wp-json\/wp\/v2\/pages\/271\/revisions\/1932"}],"wp:attachment":[{"href":"https:\/\/www.ipv6council.es\/index.php\/wp-json\/wp\/v2\/media?parent=271"}],"curies":[{"name":"wp","href":"https:\/\/api.w.org\/{rel}","templated":true}]}}