
{"id":293,"date":"2022-02-01T17:40:49","date_gmt":"2022-02-01T17:40:49","guid":{"rendered":"http:\/\/www.ipv6council.es\/?page_id=293"},"modified":"2026-02-02T22:30:39","modified_gmt":"2026-02-02T22:30:39","slug":"ciber-incidentes","status":"publish","type":"page","link":"https:\/\/www.ipv6council.es\/index.php\/ciber-incidentes\/","title":{"rendered":"Ciber Incidentes"},"content":{"rendered":"<figure><\/figure>\r\n<figure><\/figure>\r\n<figure><nav aria-label=\"breadcrumbs\">\n            <div class=\"breadcrumb-container theme1\">\n                <ol>\n                                    <\/ol>\n            <\/div>\n        <\/nav>    <script type=\"application\/ld+json\">\n        {\n            \"@context\": \"http:\/\/schema.org\",\n            \"@type\": \"BreadcrumbList\",\n            \"itemListElement\": [\n                            ]\n        }\n    <\/script>\n   \n    <script>\n            <\/script>\n<\/figure>\r\n<h2 style=\"text-align: center;\"><span style=\"color: #0000ff;\">Incidentes y Vulnerabilidades<\/span><\/h2>\r\n<figure class=\"wp-block-media-text__media\"><\/figure>\r\n\r\n\r\n\r\n<h2>\u00a0<\/h2>\r\n\r\n\r\n\r\n<p><a href=\"https:\/\/mrlooquer.com\/\">MrLooquer<\/a> ofrece uno de los pocos <a href=\"https:\/\/iocfeed.mrlooquer.com\/\">feeds de seguridad dual-stack<\/a>, es decir que prestan atenci\u00f3n y distinguen si los incidentes tienen que ver con IPv4 o IPv6.<\/p>\r\n\r\n\r\n\r\n<figure class=\"wp-block-image size-large\"><a href=\"https:\/\/iocfeed.mrlooquer.com\/\"><img loading=\"lazy\" width=\"1024\" height=\"440\" class=\"wp-image-322\" src=\"https:\/\/www.ipv6council.es\/wp-content\/uploads\/2022\/02\/image-14-1024x440.png\" alt=\"\" srcset=\"https:\/\/www.ipv6council.es\/wp-content\/uploads\/2022\/02\/image-14-1024x440.png 1024w, https:\/\/www.ipv6council.es\/wp-content\/uploads\/2022\/02\/image-14-300x129.png 300w, https:\/\/www.ipv6council.es\/wp-content\/uploads\/2022\/02\/image-14-768x330.png 768w, https:\/\/www.ipv6council.es\/wp-content\/uploads\/2022\/02\/image-14-1536x660.png 1536w, https:\/\/www.ipv6council.es\/wp-content\/uploads\/2022\/02\/image-14-1568x674.png 1568w, https:\/\/www.ipv6council.es\/wp-content\/uploads\/2022\/02\/image-14.png 1918w\" sizes=\"(max-width: 1024px) 100vw, 1024px\" \/><\/a><\/figure>\r\n\r\n\r\n\r\n<p>En esta p\u00e1gina se incluye info tan interesante como los prefijos IPv6 que m\u00e1s aparecen en los IOCs (Indicator of Compromise) en los \u00faltimos 7 dias.<\/p>\r\n\r\n\r\n\r\n<figure class=\"wp-block-image size-large\"><img loading=\"lazy\" width=\"930\" height=\"697\" class=\"wp-image-321\" src=\"https:\/\/www.ipv6council.es\/wp-content\/uploads\/2022\/02\/image-13.png\" alt=\"\" srcset=\"https:\/\/www.ipv6council.es\/wp-content\/uploads\/2022\/02\/image-13.png 930w, https:\/\/www.ipv6council.es\/wp-content\/uploads\/2022\/02\/image-13-300x225.png 300w, https:\/\/www.ipv6council.es\/wp-content\/uploads\/2022\/02\/image-13-768x576.png 768w\" sizes=\"(max-width: 930px) 100vw, 930px\" \/><\/figure>","protected":false},"excerpt":{"rendered":"<p>Incidentes y Vulnerabilidades \u00a0 MrLooquer ofrece uno de los pocos feeds de seguridad dual-stack, es decir que prestan atenci\u00f3n y distinguen si los incidentes tienen que ver con IPv4 o IPv6. En esta p\u00e1gina se incluye info tan interesante como los prefijos IPv6 que m\u00e1s aparecen en los IOCs (Indicator of Compromise) en los \u00faltimos&hellip;&nbsp;<a href=\"https:\/\/www.ipv6council.es\/index.php\/ciber-incidentes\/\" rel=\"bookmark\"><span class=\"screen-reader-text\">Ciber Incidentes<\/span><\/a><\/p>\n","protected":false},"author":7,"featured_media":0,"parent":0,"menu_order":0,"comment_status":"closed","ping_status":"closed","template":"","meta":{"neve_meta_sidebar":"","neve_meta_container":"","neve_meta_enable_content_width":"off","neve_meta_content_width":100,"neve_meta_title_alignment":"","neve_meta_author_avatar":"","neve_post_elements_order":"","neve_meta_disable_header":"","neve_meta_disable_footer":"","neve_meta_disable_title":"on"},"_links":{"self":[{"href":"https:\/\/www.ipv6council.es\/index.php\/wp-json\/wp\/v2\/pages\/293"}],"collection":[{"href":"https:\/\/www.ipv6council.es\/index.php\/wp-json\/wp\/v2\/pages"}],"about":[{"href":"https:\/\/www.ipv6council.es\/index.php\/wp-json\/wp\/v2\/types\/page"}],"author":[{"embeddable":true,"href":"https:\/\/www.ipv6council.es\/index.php\/wp-json\/wp\/v2\/users\/7"}],"replies":[{"embeddable":true,"href":"https:\/\/www.ipv6council.es\/index.php\/wp-json\/wp\/v2\/comments?post=293"}],"version-history":[{"count":5,"href":"https:\/\/www.ipv6council.es\/index.php\/wp-json\/wp\/v2\/pages\/293\/revisions"}],"predecessor-version":[{"id":1669,"href":"https:\/\/www.ipv6council.es\/index.php\/wp-json\/wp\/v2\/pages\/293\/revisions\/1669"}],"wp:attachment":[{"href":"https:\/\/www.ipv6council.es\/index.php\/wp-json\/wp\/v2\/media?parent=293"}],"curies":[{"name":"wp","href":"https:\/\/api.w.org\/{rel}","templated":true}]}}