
{"id":297,"date":"2022-02-01T17:41:20","date_gmt":"2022-02-01T17:41:20","guid":{"rendered":"http:\/\/www.ipv6council.es\/?page_id=297"},"modified":"2026-02-02T22:29:20","modified_gmt":"2026-02-02T22:29:20","slug":"ciber-docs","status":"publish","type":"page","link":"https:\/\/www.ipv6council.es\/index.php\/ciber-docs\/","title":{"rendered":"Ciber Docs"},"content":{"rendered":"<figure><\/figure>\r\n<figure><\/figure>\r\n<figure><nav aria-label=\"breadcrumbs\">\n            <div class=\"breadcrumb-container theme1\">\n                <ol>\n                                    <\/ol>\n            <\/div>\n        <\/nav>    <script type=\"application\/ld+json\">\n        {\n            \"@context\": \"http:\/\/schema.org\",\n            \"@type\": \"BreadcrumbList\",\n            \"itemListElement\": [\n                            ]\n        }\n    <\/script>\n   \n    <script>\n            <\/script>\n<\/figure>\r\n<h2 style=\"text-align: center;\"><span style=\"color: #0000ff;\">Documentos y Art\u00edculos Ciberseguridad<\/span><\/h2>\r\n<figure class=\"wp-block-media-text__media\"><\/figure>\r\n\r\n\r\n\r\n<h2>Documento y Art\u00edculos Cyber<\/h2>\r\n\r\n\r\n\r\n<p><a href=\"https:\/\/www.varonis.com\/blog\/ipv6-security\">Introducci\u00f3n a seguridad IPv6<\/a>. Este excelente art\u00edculo de 2021 nos proporciona un punto de arranque para comenzar.<\/p>\r\n\r\n\r\n\r\n<figure class=\"wp-block-image size-large\"><a href=\"https:\/\/www.varonis.com\/blog\/ipv6-security\"><img loading=\"lazy\" width=\"1024\" height=\"404\" class=\"wp-image-314\" src=\"https:\/\/www.ipv6council.es\/wp-content\/uploads\/2022\/02\/image-10-1024x404.png\" alt=\"\" srcset=\"https:\/\/www.ipv6council.es\/wp-content\/uploads\/2022\/02\/image-10-1024x404.png 1024w, https:\/\/www.ipv6council.es\/wp-content\/uploads\/2022\/02\/image-10-300x118.png 300w, https:\/\/www.ipv6council.es\/wp-content\/uploads\/2022\/02\/image-10-768x303.png 768w, https:\/\/www.ipv6council.es\/wp-content\/uploads\/2022\/02\/image-10-1536x605.png 1536w, https:\/\/www.ipv6council.es\/wp-content\/uploads\/2022\/02\/image-10-1568x618.png 1568w, https:\/\/www.ipv6council.es\/wp-content\/uploads\/2022\/02\/image-10.png 1829w\" sizes=\"(max-width: 1024px) 100vw, 1024px\" \/><\/a><\/figure>\r\n\r\n\r\n\r\n<p><a href=\"https:\/\/www.csoonline.com\/article\/3565391\/7-points-your-security-team-needs-to-know-about-ipv6-but-probably-doesnt.html\">Recomendaciones para Equipos de Seguridad de Empresas<\/a>. En este breve art\u00edculo de 2020, se aclaran 7 puntos iniciales para empezar a tener en cuenta la seguridad IPv6.<\/p>\r\n\r\n\r\n\r\n<figure class=\"wp-block-image size-large\"><a href=\"https:\/\/www.csoonline.com\/article\/3565391\/7-points-your-security-team-needs-to-know-about-ipv6-but-probably-doesnt.html\"><img loading=\"lazy\" width=\"1024\" height=\"671\" class=\"wp-image-315\" src=\"https:\/\/www.ipv6council.es\/wp-content\/uploads\/2022\/02\/image-11-1024x671.png\" alt=\"\" srcset=\"https:\/\/www.ipv6council.es\/wp-content\/uploads\/2022\/02\/image-11-1024x671.png 1024w, https:\/\/www.ipv6council.es\/wp-content\/uploads\/2022\/02\/image-11-300x197.png 300w, https:\/\/www.ipv6council.es\/wp-content\/uploads\/2022\/02\/image-11-768x504.png 768w, https:\/\/www.ipv6council.es\/wp-content\/uploads\/2022\/02\/image-11-1536x1007.png 1536w, https:\/\/www.ipv6council.es\/wp-content\/uploads\/2022\/02\/image-11-1568x1028.png 1568w, https:\/\/www.ipv6council.es\/wp-content\/uploads\/2022\/02\/image-11.png 1635w\" sizes=\"(max-width: 1024px) 100vw, 1024px\" \/><\/a><\/figure>\r\n\r\n\r\n\r\n<p><a href=\"https:\/\/drive.google.com\/file\/d\/1AbSu-hYtXBdzj3v8vlXJjzyrJctx-WKq\/view?usp=sharing\">Informe ENISA sobre ataques y recomendaciones de Seguridad para redes y dispositivos IoT IPv6<\/a> de 2018.<\/p>\r\n\r\n\r\n\r\n<figure class=\"wp-block-image size-large\"><a href=\"https:\/\/drive.google.com\/file\/d\/1AbSu-hYtXBdzj3v8vlXJjzyrJctx-WKq\/view\"><img loading=\"lazy\" width=\"1024\" height=\"654\" class=\"wp-image-309\" src=\"https:\/\/www.ipv6council.es\/wp-content\/uploads\/2022\/02\/image-8-1024x654.png\" alt=\"\" srcset=\"https:\/\/www.ipv6council.es\/wp-content\/uploads\/2022\/02\/image-8-1024x654.png 1024w, https:\/\/www.ipv6council.es\/wp-content\/uploads\/2022\/02\/image-8-300x192.png 300w, https:\/\/www.ipv6council.es\/wp-content\/uploads\/2022\/02\/image-8-768x490.png 768w, https:\/\/www.ipv6council.es\/wp-content\/uploads\/2022\/02\/image-8-1536x981.png 1536w, https:\/\/www.ipv6council.es\/wp-content\/uploads\/2022\/02\/image-8-1568x1001.png 1568w, https:\/\/www.ipv6council.es\/wp-content\/uploads\/2022\/02\/image-8.png 1643w\" sizes=\"(max-width: 1024px) 100vw, 1024px\" \/><\/a><\/figure>\r\n\r\n\r\n\r\n<p>Introducci\u00f3n a <a href=\"https:\/\/www.enisa.europa.eu\/topics\/trainings-for-cybersecurity-specialists\/online-training-material\/documents\/introduction-to-network-forensics-handbook.pdf\">Network Forensics<\/a> publicado por la agencia Europea ENISA en 2019 , con referencias y ejemplos de casu\u00edstica IPv6.<\/p>\r\n\r\n\r\n\r\n<figure class=\"wp-block-image size-large\"><a href=\"https:\/\/www.enisa.europa.eu\/topics\/trainings-for-cybersecurity-specialists\/online-training-material\/documents\/introduction-to-network-forensics-handbook.pdf\"><img loading=\"lazy\" width=\"878\" height=\"619\" class=\"wp-image-313\" src=\"https:\/\/www.ipv6council.es\/wp-content\/uploads\/2022\/02\/image-9.png\" alt=\"\" srcset=\"https:\/\/www.ipv6council.es\/wp-content\/uploads\/2022\/02\/image-9.png 878w, https:\/\/www.ipv6council.es\/wp-content\/uploads\/2022\/02\/image-9-300x212.png 300w, https:\/\/www.ipv6council.es\/wp-content\/uploads\/2022\/02\/image-9-768x541.png 768w\" sizes=\"(max-width: 878px) 100vw, 878px\" \/><\/a><\/figure>","protected":false},"excerpt":{"rendered":"<p>Documentos y Art\u00edculos Ciberseguridad Documento y Art\u00edculos Cyber Introducci\u00f3n a seguridad IPv6. Este excelente art\u00edculo de 2021 nos proporciona un punto de arranque para comenzar. Recomendaciones para Equipos de Seguridad de Empresas. En este breve art\u00edculo de 2020, se aclaran 7 puntos iniciales para empezar a tener en cuenta la seguridad IPv6. Informe ENISA sobre&hellip;&nbsp;<a href=\"https:\/\/www.ipv6council.es\/index.php\/ciber-docs\/\" rel=\"bookmark\"><span class=\"screen-reader-text\">Ciber Docs<\/span><\/a><\/p>\n","protected":false},"author":7,"featured_media":0,"parent":0,"menu_order":0,"comment_status":"closed","ping_status":"closed","template":"","meta":{"neve_meta_sidebar":"","neve_meta_container":"","neve_meta_enable_content_width":"off","neve_meta_content_width":100,"neve_meta_title_alignment":"","neve_meta_author_avatar":"","neve_post_elements_order":"","neve_meta_disable_header":"","neve_meta_disable_footer":"","neve_meta_disable_title":"on"},"_links":{"self":[{"href":"https:\/\/www.ipv6council.es\/index.php\/wp-json\/wp\/v2\/pages\/297"}],"collection":[{"href":"https:\/\/www.ipv6council.es\/index.php\/wp-json\/wp\/v2\/pages"}],"about":[{"href":"https:\/\/www.ipv6council.es\/index.php\/wp-json\/wp\/v2\/types\/page"}],"author":[{"embeddable":true,"href":"https:\/\/www.ipv6council.es\/index.php\/wp-json\/wp\/v2\/users\/7"}],"replies":[{"embeddable":true,"href":"https:\/\/www.ipv6council.es\/index.php\/wp-json\/wp\/v2\/comments?post=297"}],"version-history":[{"count":7,"href":"https:\/\/www.ipv6council.es\/index.php\/wp-json\/wp\/v2\/pages\/297\/revisions"}],"predecessor-version":[{"id":1667,"href":"https:\/\/www.ipv6council.es\/index.php\/wp-json\/wp\/v2\/pages\/297\/revisions\/1667"}],"wp:attachment":[{"href":"https:\/\/www.ipv6council.es\/index.php\/wp-json\/wp\/v2\/media?parent=297"}],"curies":[{"name":"wp","href":"https:\/\/api.w.org\/{rel}","templated":true}]}}