
{"id":469,"date":"2023-01-13T10:01:12","date_gmt":"2023-01-13T10:01:12","guid":{"rendered":"http:\/\/www.ipv6council.es\/?page_id=469"},"modified":"2026-02-04T15:50:09","modified_gmt":"2026-02-04T15:50:09","slug":"cloud","status":"publish","type":"page","link":"https:\/\/www.ipv6council.es\/index.php\/cloud\/","title":{"rendered":"Cloud"},"content":{"rendered":"<p>&nbsp;<\/p>\r\n<nav aria-label=\"breadcrumbs\">\n            <div class=\"breadcrumb-container theme1\">\n                <ol>\n                                    <\/ol>\n            <\/div>\n        <\/nav>    <script type=\"application\/ld+json\">\n        {\n            \"@context\": \"http:\/\/schema.org\",\n            \"@type\": \"BreadcrumbList\",\n            \"itemListElement\": [\n                            ]\n        }\n    <\/script>\n   \n    <script>\n            <\/script>\n\r\n<h2 style=\"text-align: center;\"><span style=\"color: #0000ff;\">Cloud Alto Rendimiento IA\u00a0<\/span><\/h2>\r\n<p>El paradigma estrella en 2026 contin\u00faa siendo la Inteligencia Artificial, ahora orientada tambi\u00e9n a los Agentes IA. Este paradigma requiere de fuertes inversiones en los Datacenters y es muy exigente en cuanto a requisitos y recursos.<\/p>\r\n<p>Recientemente, Microsoft\u00a0 ha escrito art\u00edculos y est\u00e1 realizando presentaciones junto con Cisco (NANOG 96, Rita hui y Pablo Camarillo) en las que, para los backends IA, SRv6 se postula como una tecnolog\u00eda imprescindible en el networking del Datacenter, a pesar de que es una aproximaci\u00f3n que viene del mundo de las comunicaciones WAN.<\/p>\r\n<ul>\r\n<li>Microsoft est\u00e1 redefiniendo el backend fabric de IA, con SRv6, permitiendo un control de tr\u00e1fico de gran precisi\u00f3n, enumeraci\u00f3n de rutas y programaci\u00f3n de flujos AI\u2011aware para lograr rendimiento y resiliencia a escala hyperscale.<\/li>\r\n<\/ul>\r\n<p><img loading=\"lazy\" class=\"size-medium wp-image-1685 aligncenter\" src=\"https:\/\/www.ipv6council.es\/wp-content\/uploads\/2026\/02\/IA_Datacenter-300x300.png\" alt=\"\" width=\"300\" height=\"300\" srcset=\"https:\/\/www.ipv6council.es\/wp-content\/uploads\/2026\/02\/IA_Datacenter-300x300.png 300w, https:\/\/www.ipv6council.es\/wp-content\/uploads\/2026\/02\/IA_Datacenter-150x150.png 150w, https:\/\/www.ipv6council.es\/wp-content\/uploads\/2026\/02\/IA_Datacenter-768x769.png 768w, https:\/\/www.ipv6council.es\/wp-content\/uploads\/2026\/02\/IA_Datacenter.png 812w\" sizes=\"(max-width: 300px) 100vw, 300px\" \/><\/p>\r\n<p>Como se muestra en el diagrama (Fuente: <span data-olk-copy-source=\"MessageBody\">Rita Hui, Principal Software Manager, Microsoft), los backends IA en los datacenters presentan una serie de <strong>requisitos espec\u00edficos<\/strong>:<\/span><\/p>\r\n<ul>\r\n<li><span data-olk-copy-source=\"MessageBody\">Flujos grandes y de larga duraci\u00f3n de datos de entrenamiento<\/span><\/li>\r\n<li><span data-olk-copy-source=\"MessageBody\">Grandes r\u00e1fagas de datos enviados de forma s\u00edncrona<\/span><\/li>\r\n<li><span data-olk-copy-source=\"MessageBody\">Los largos tiempos de entrenamiento requieren redes fiables<\/span><\/li>\r\n<li><span data-olk-copy-source=\"MessageBody\">Los reintentos de trabajos fallidos aumentan los costes<\/span>\r\n<ul>\r\n<li><span data-olk-copy-source=\"MessageBody\">Gesti\u00f3n de tr\u00e1fico eficiente, monitorizaci\u00f3n y visibilidad<\/span><\/li>\r\n<\/ul>\r\n<\/li>\r\n<li><span data-olk-copy-source=\"MessageBody\">Las aplicaciones de IA necesitan procesamiento y respuestas r\u00e1pidas<\/span><\/li>\r\n<li><span data-olk-copy-source=\"MessageBody\">Tr\u00e1fico sin p\u00e9rdidas y con baja latencia<\/span><\/li>\r\n<li><span data-olk-copy-source=\"MessageBody\">El tr\u00e1fico que usa RoCEv2 tiene baja entrop\u00eda para ECMP<\/span>\r\n<ul>\r\n<li><span data-olk-copy-source=\"MessageBody\">Tecnolog\u00eda de traffic engineering para la red de backend de IA<\/span><\/li>\r\n<\/ul>\r\n<\/li>\r\n<\/ul>\r\n<div class=\"x_elementToProof\"><b data-olk-copy-source=\"MessageBody\">SRv6 (Segmentacion a nivel IP) soluciona estos problemas<\/b>\u00a0 porque se puede encaminar desde origen (NIC o DPU) con la ruta que se quiere que el paquete siga en el fabric del backedn IA\/DC.<\/div>\r\n<div class=\"x_elementToProof\">SRv6 convierte la red del Backend IA (o todo el DC) en una soluci\u00f3n staless (la infra no se tiene que adaptar, es la fuente la que cambia la ruta), \u00a0determinista y programable del cl\u00faster de GPUs. Las redirecciones son instant\u00e1neas (a velocidad de GPU porque las hace el origen) y hay visibilidad de todo el proceso (de forma estandarizada y abierta).<\/div>\r\n<div>\u00a0<\/div>\r\n<div>\r\n<div class=\"x_elementToProof\" data-olk-copy-source=\"MessageBody\">Los<b>\u00a0principios de dise\u00f1o de la soluci\u00f3n t\u00e9cnica\u00a0<\/b>ser\u00edan:<\/div>\r\n<ul data-editing-info=\"{&quot;applyListStyleFromLevel&quot;:true}\">\r\n<li>\r\n<div id=\"x_ember73\" class=\"x_elementToProof\" role=\"presentation\">No se ejecuta ning\u00fan protocolo de enrutamiento dentro del fabric.<\/div>\r\n<\/li>\r\n<li>\r\n<div id=\"x_ember73\" class=\"x_elementToProof\" role=\"presentation\">Cada nodo entiende uSID y realiza una operaci\u00f3n de shift\u2011and\u2011forward de 16 bits.<\/div>\r\n<\/li>\r\n<li>\r\n<div id=\"x_ember73\" class=\"x_elementToProof\" role=\"presentation\">Las RDMA\u2011NIC solo necesitan actualizar la direcci\u00f3n IPv6 de destino para definir un camino.<\/div>\r\n<\/li>\r\n<\/ul>\r\n<\/div>\r\n<p>De manera m\u00e1s detallada, <strong>los beneficios en el DC<\/strong> son:<\/p>\r\n<ul>\r\n<li>SRv6 proporciona programabilidad del transporte \u2014 direccionamiento de rutas, aislamiento de tr\u00e1fico y telemetr\u00eda in\u2011network sobre IPv6 est\u00e1ndar.<\/li>\r\n<li>El enrutamiento multipath y path\u2011aware en SRv6 puede mejorar los mecanismos de control de congesti\u00f3n y balanceo de carga de UEC.<\/li>\r\n<li>La programaci\u00f3n de red SRv6 (SIDs) permite la colocaci\u00f3n din\u00e1mica de cargas de trabajo de IA o funciones de control entre dominios.<\/li>\r\n<\/ul>\r\n<p>&nbsp;<\/p>\r\n<h2 style=\"text-align: center;\"><span style=\"color: #0000ff;\">Cloud Alto Rendimiento Servicios Masivos<\/span><\/h2>\r\n<p>Las nubes p\u00fablicas, y m\u00e1s concretamente AWS, son desde hace un par de a\u00f1os los actores de Internet que m\u00e1s est\u00e1n impulsando con m\u00e1s fuerza y visibilidad el uso de IPv6, especialmente para empresas. Veamos por qu\u00e9.<\/p>\r\n<p>\r\n\r\n<\/p>\r\n<p>Las nubes p\u00fablicas est\u00e1n acaparando gran parte de los servicios de multitud de negocios digitales de \u00e9xito y aplicativos corporativos, que antes se prestaban desde datacenters privados.<\/p>\r\n<p>\r\n\r\n<\/p>\r\n<p>Debido a su enorme escala y vol\u00famenes de negocio, estas nubes p\u00fablicas tienen mayores posibilidades de optimizaci\u00f3n e innovaci\u00f3n con impacto real. As\u00ed, han identificado que las limitaciones del direccionamiento IPv4 traen consigo arquitecturas de networking en los backend muy complejas y con mayor probabilidad de fallo, por lo que est\u00e1n impulsando a sus clientes a utilizar IPv6 (e IPv6-only) en los entornos Cloud empleando el soporte y las herramientas que est\u00e1n anunciando proactivamente.<\/p>\r\n<p>\r\n\r\n<\/p>\r\n<p>El l\u00edder indiscutible en este movimiento\u00a0 e impulsor de IPv6 a nivel de comunidad a d\u00eda de hoy es sin ninguna duda AWS. Precisamente, por este motivo, siendo el l\u00edder actual en servicios en la nube, AWS ha migrado muchos de sus entornos y herramientas para evangelizar a sus grandes clientes sobre el uso de IPv6-only en los backends.<\/p>\r\n<p>A nivel t\u00e9cnico, en los populares entornos de microservicios en Cloud, cuando interconectamos clusters de Kubernetes, es imprescindible crear una red overlay, ya que no se pueden enrutar direcciones privadas sobre Internet.<\/p>\r\n<p>Esto complica el dise\u00f1o y operaci\u00f3n de los ecosistemas de microservicios basados en kubernetes, especialmente cuando manejamos cierto n\u00famero de clusters ya que tendr\u00e1n que interconectarse con t\u00faneles a modo de VPN haciendo muy complicado el escalado. Adem\u00e1s, tendremos que decidir qu\u00e9 topolog\u00eda usaremos: full-mesh, hub&amp;spoke, star, etc.<\/p>\r\n<p><img loading=\"lazy\" class=\"aligncenter wp-image-1687\" src=\"https:\/\/www.ipv6council.es\/wp-content\/uploads\/2026\/02\/kubernetes-300x115.jpg\" alt=\"\" width=\"500\" height=\"192\" srcset=\"https:\/\/www.ipv6council.es\/wp-content\/uploads\/2026\/02\/kubernetes-300x115.jpg 300w, https:\/\/www.ipv6council.es\/wp-content\/uploads\/2026\/02\/kubernetes-768x295.jpg 768w, https:\/\/www.ipv6council.es\/wp-content\/uploads\/2026\/02\/kubernetes.jpg 810w\" sizes=\"(max-width: 500px) 100vw, 500px\" \/><\/p>\r\n<p>&nbsp;<\/p>\r\n<p>Sin embargo, como puede verse en el diagrama a la derecha, hay una soluci\u00f3n mucho m\u00e1s sencilla, que es\u00a0<strong>emplear direcciones IPv6 p\u00fablicas en nuestros\u00a0<em>cluster<\/em><\/strong>. Obviamente habr\u00e1 que filtrar convenientemente el tr\u00e1fico, para lo que la agregaci\u00f3n de direcciones IPv6 ser\u00e1 un aliado importante.<\/p>\r\n<p>Uno de los embajadores de los backends v6-only en la nube para lograr una hiperescalabilidad y eficiencia es Netflix.<\/p>\r\n<figure id=\"attachment_1688\" aria-describedby=\"caption-attachment-1688\" style=\"width: 300px\" class=\"wp-caption aligncenter\"><a href=\"https:\/\/www.youtube.com\/watch?v=1DF6yIFIx14\"><img loading=\"lazy\" class=\"wp-image-1688 size-medium\" src=\"https:\/\/www.ipv6council.es\/wp-content\/uploads\/2026\/02\/Netflix_kubernetes-300x177.jpg\" alt=\"\" width=\"300\" height=\"177\" srcset=\"https:\/\/www.ipv6council.es\/wp-content\/uploads\/2026\/02\/Netflix_kubernetes-300x177.jpg 300w, https:\/\/www.ipv6council.es\/wp-content\/uploads\/2026\/02\/Netflix_kubernetes.jpg 504w\" sizes=\"(max-width: 300px) 100vw, 300px\" \/><\/a><figcaption id=\"caption-attachment-1688\" class=\"wp-caption-text\">C\u00f3mo usa Nextflix IPv6 para escalar su Networking<\/figcaption><\/figure>\r\n<p>Si quieres saber m\u00e1s sobre c\u00f3mo utilizar IPv6 en Kubernetes para simplificar tus servicios en la nube, te recomendamos este art\u00edculo: \u201c<a href=\"https:\/\/itnext.io\/kubernetes-multi-cluster-networking-made-simple-c8f26827813\" target=\"_blank\" rel=\"noreferrer noopener\">Kubernetes multi-cluster networking made simple<\/a>\u201d.<\/p>\r\n<p>Estad atentos! Pronto pondremos enlaces en esta p\u00e1gina a los documentos accesibles y a nuestra p\u00e1gina de la Comunidad de Cloud del Council.<\/p>\r\n<p>&nbsp;<\/p>\r\n<p>&nbsp;<\/p>\r\n<p>Otras secciones relevantes de Cloud de Alto Rendimiento en esta WEB:<\/p>\r\n\r\n\r\n\r\n<ul>\r\n<li><a href=\"https:\/\/www.ipv6council.es\/index.php\/Cloud-AWS\" data-type=\"URL\">AWS<\/a><\/li>\r\n<\/ul>\r\n\r\n\r\n\r\n<ul>\r\n<li><a href=\"https:\/\/www.ipv6council.es\/index.php\/Cloud\">Azure<\/a> (en construcci\u00f3n)<\/li>\r\n<\/ul>\r\n\r\n\r\n\r\n<ul>\r\n<li><a href=\"https:\/\/www.ipv6council.es\/index.php\/Cloud\">GCP<\/a> (en construcci\u00f3n)<\/li>\r\n<\/ul>\r\n\r\n\r\n\r\n<h2 style=\"text-align: center;\">\u00a0<\/h2>\r\n\r\n\r\n\r\n<p>&nbsp;<\/p>\r\n<p>&nbsp;<\/p>\r\n<p>&nbsp;<\/p>","protected":false},"excerpt":{"rendered":"<p>&nbsp; Cloud Alto Rendimiento IA\u00a0 El paradigma estrella en 2026 contin\u00faa siendo la Inteligencia Artificial, ahora orientada tambi\u00e9n a los Agentes IA. Este paradigma requiere de fuertes inversiones en los Datacenters y es muy exigente en cuanto a requisitos y recursos. Recientemente, Microsoft\u00a0 ha escrito art\u00edculos y est\u00e1 realizando presentaciones junto con Cisco (NANOG 96,&hellip;&nbsp;<a href=\"https:\/\/www.ipv6council.es\/index.php\/cloud\/\" rel=\"bookmark\"><span class=\"screen-reader-text\">Cloud<\/span><\/a><\/p>\n","protected":false},"author":1,"featured_media":0,"parent":0,"menu_order":0,"comment_status":"closed","ping_status":"closed","template":"","meta":{"neve_meta_sidebar":"","neve_meta_container":"","neve_meta_enable_content_width":"off","neve_meta_content_width":100,"neve_meta_title_alignment":"","neve_meta_author_avatar":"","neve_post_elements_order":"","neve_meta_disable_header":"","neve_meta_disable_footer":"","neve_meta_disable_title":"on"},"_links":{"self":[{"href":"https:\/\/www.ipv6council.es\/index.php\/wp-json\/wp\/v2\/pages\/469"}],"collection":[{"href":"https:\/\/www.ipv6council.es\/index.php\/wp-json\/wp\/v2\/pages"}],"about":[{"href":"https:\/\/www.ipv6council.es\/index.php\/wp-json\/wp\/v2\/types\/page"}],"author":[{"embeddable":true,"href":"https:\/\/www.ipv6council.es\/index.php\/wp-json\/wp\/v2\/users\/1"}],"replies":[{"embeddable":true,"href":"https:\/\/www.ipv6council.es\/index.php\/wp-json\/wp\/v2\/comments?post=469"}],"version-history":[{"count":11,"href":"https:\/\/www.ipv6council.es\/index.php\/wp-json\/wp\/v2\/pages\/469\/revisions"}],"predecessor-version":[{"id":1690,"href":"https:\/\/www.ipv6council.es\/index.php\/wp-json\/wp\/v2\/pages\/469\/revisions\/1690"}],"wp:attachment":[{"href":"https:\/\/www.ipv6council.es\/index.php\/wp-json\/wp\/v2\/media?parent=469"}],"curies":[{"name":"wp","href":"https:\/\/api.w.org\/{rel}","templated":true}]}}