
{"id":490,"date":"2023-01-13T13:16:46","date_gmt":"2023-01-13T13:16:46","guid":{"rendered":"http:\/\/www.ipv6council.es\/?page_id=490"},"modified":"2026-02-02T11:43:36","modified_gmt":"2026-02-02T11:43:36","slug":"innovacion","status":"publish","type":"page","link":"https:\/\/www.ipv6council.es\/index.php\/innovacion\/","title":{"rendered":"Innovacion"},"content":{"rendered":"<nav aria-label=\"breadcrumbs\">\n            <div class=\"breadcrumb-container theme1\">\n                <ol>\n                                    <\/ol>\n            <\/div>\n        <\/nav>    <script type=\"application\/ld+json\">\n        {\n            \"@context\": \"http:\/\/schema.org\",\n            \"@type\": \"BreadcrumbList\",\n            \"itemListElement\": [\n                            ]\n        }\n    <\/script>\n   \n    <script>\n            <\/script>\n\r\n<p>Desde hace a\u00f1os el organismo responsable de los est\u00e1ndares de Internet, el IETF, trabaja en las mejoras significativas o innovaciones de los protocolos IP \u00fanicamente para IPv6, no dando soporte para IPv4.<\/p>\r\n\r\n\r\n\r\n<p>Hay dos ejemplos muy claros de esta consigna:<\/p>\r\n\r\n\r\n\r\n<ul>\r\n<li><a href=\"https:\/\/www.ipv6council.es\/index.php\/IoT\">IP para redes mesh IoT (6LowPAN<\/a>). En este estandar se basa la pila Matter\/Thread por la que est\u00e1n apostando gigantes como Apple, Amazon, Google y Samsung.<\/li>\r\n<\/ul>\r\n\r\n\r\n\r\n<ul>\r\n<li><a href=\"https:\/\/www.ipv6council.es\/index.php\/SRv6\">Segmentaci\u00f3n de red IP (SRv6).<\/a> La segmentaci\u00f3n de red naci\u00f3 para permitir una ingenier\u00eda de tr\u00e1fico m\u00e1s sencilla, existen diversas posibilidades como SR-MPLS para este tipo de redes WAN, pero a nivel IP se ha dise\u00f1ado una arquitectura basada en las cabeceras de extensi\u00f3n IPv6. SRv6 est\u00e1 soportado por m\u00faltiples fabricantes y hay numerosos ejemplos de despliegue actualmente tanto para ISPs como para redes corporativas.<\/li>\r\n<\/ul>\r\n\r\n\r\n\r\n<p>&nbsp;<\/p>","protected":false},"excerpt":{"rendered":"<p>Desde hace a\u00f1os el organismo responsable de los est\u00e1ndares de Internet, el IETF, trabaja en las mejoras significativas o innovaciones de los protocolos IP \u00fanicamente para IPv6, no dando soporte para IPv4. Hay dos ejemplos muy claros de esta consigna: IP para redes mesh IoT (6LowPAN). En este estandar se basa la pila Matter\/Thread por&hellip;&nbsp;<a href=\"https:\/\/www.ipv6council.es\/index.php\/innovacion\/\" rel=\"bookmark\"><span class=\"screen-reader-text\">Innovacion<\/span><\/a><\/p>\n","protected":false},"author":1,"featured_media":0,"parent":0,"menu_order":0,"comment_status":"closed","ping_status":"closed","template":"","meta":{"neve_meta_sidebar":"","neve_meta_container":"","neve_meta_enable_content_width":"off","neve_meta_content_width":100,"neve_meta_title_alignment":"","neve_meta_author_avatar":"","neve_post_elements_order":"","neve_meta_disable_header":"","neve_meta_disable_footer":"","neve_meta_disable_title":""},"_links":{"self":[{"href":"https:\/\/www.ipv6council.es\/index.php\/wp-json\/wp\/v2\/pages\/490"}],"collection":[{"href":"https:\/\/www.ipv6council.es\/index.php\/wp-json\/wp\/v2\/pages"}],"about":[{"href":"https:\/\/www.ipv6council.es\/index.php\/wp-json\/wp\/v2\/types\/page"}],"author":[{"embeddable":true,"href":"https:\/\/www.ipv6council.es\/index.php\/wp-json\/wp\/v2\/users\/1"}],"replies":[{"embeddable":true,"href":"https:\/\/www.ipv6council.es\/index.php\/wp-json\/wp\/v2\/comments?post=490"}],"version-history":[{"count":4,"href":"https:\/\/www.ipv6council.es\/index.php\/wp-json\/wp\/v2\/pages\/490\/revisions"}],"predecessor-version":[{"id":1561,"href":"https:\/\/www.ipv6council.es\/index.php\/wp-json\/wp\/v2\/pages\/490\/revisions\/1561"}],"wp:attachment":[{"href":"https:\/\/www.ipv6council.es\/index.php\/wp-json\/wp\/v2\/media?parent=490"}],"curies":[{"name":"wp","href":"https:\/\/api.w.org\/{rel}","templated":true}]}}