
{"id":542,"date":"2023-01-17T13:34:17","date_gmt":"2023-01-17T13:34:17","guid":{"rendered":"http:\/\/www.ipv6council.es\/?page_id=542"},"modified":"2026-02-02T11:48:15","modified_gmt":"2026-02-02T11:48:15","slug":"srv6","status":"publish","type":"page","link":"https:\/\/www.ipv6council.es\/index.php\/srv6\/","title":{"rendered":"SRv6"},"content":{"rendered":"<nav aria-label=\"breadcrumbs\">\n            <div class=\"breadcrumb-container theme1\">\n                <ol>\n                                    <\/ol>\n            <\/div>\n        <\/nav>    <script type=\"application\/ld+json\">\n        {\n            \"@context\": \"http:\/\/schema.org\",\n            \"@type\": \"BreadcrumbList\",\n            \"itemListElement\": [\n                            ]\n        }\n    <\/script>\n   \n    <script>\n            <\/script>\n\r\n<p>Actualmente, las redes est\u00e1n evolucionando para &#8220;sofwarizarse&#8221; (SDN &#8211; Software Defined Networks) y para ser consumidas de una similar a los servicios digitales actuales (NaaS &#8211; Network as a Service).<\/p>\r\n\r\n\r\n\r\n<p>Si hablamos de redes WAN, por ejemplo, ha habido una clara evoluci\u00f3n desde las redes construidas con recursos f\u00edsicos hasta la virtualizaci\u00f3n (t\u00faneles y overlays construidos con t\u00faneles m\u00e1s o menos automatizados o &#8220;plataformizados&#8221;). No obstante, est\u00e1 emergiendo con fuerza una tendencia a organizar las redes por segmentos en lugar de entunelados.<\/p>\r\n\r\n\r\n\r\n<figure class=\"wp-block-image size-large\"><img loading=\"lazy\" width=\"990\" height=\"483\" class=\"wp-image-543\" src=\"https:\/\/www.ipv6council.es\/wp-content\/uploads\/2023\/01\/image-4.png\" alt=\"\" srcset=\"https:\/\/www.ipv6council.es\/wp-content\/uploads\/2023\/01\/image-4.png 990w, https:\/\/www.ipv6council.es\/wp-content\/uploads\/2023\/01\/image-4-300x146.png 300w, https:\/\/www.ipv6council.es\/wp-content\/uploads\/2023\/01\/image-4-768x375.png 768w\" sizes=\"(max-width: 990px) 100vw, 990px\" \/><\/figure>\r\n\r\n\r\n\r\n<p>(Fuente: T128)<\/p>\r\n\r\n\r\n\r\n<p>Como parte de esta tendencia, empiezan a emerger soluciones espec\u00edficas para MAN\/Metro MPLS como es SR MPLS, soluciones de proveedores concretos (como T128) o soluciones estandarizadas en el mundo IP, como es SRv6.<\/p>\r\n\r\n\r\n\r\n<p>SRv6 divide la red en segmentos y permite realizar una ingenier\u00eda de tr\u00e1fico mediante el marcado de paquetes. Frente a otras tecnolog\u00edas, como SR MPLS, se trata de un modelo ALL-IP y por tanto puede aplicarse en redes WAN\/Metro de diferentes tecnolog\u00edas subyacentes, pero tambi\u00e9n en redes corporativas y Datacenters (llegando hasta el host, pudiendo sustituir propuestas actuales como las basadas en VXLAN).<\/p>\r\n\r\n\r\n\r\n<p>Si quieres aprender m\u00e1s sobre SRv6, te recomendamos esta presentaci\u00f3n de un fellow de Cisco.<\/p>\r\n\r\n\r\n\r\n<ul>\r\n<li><a href=\"https:\/\/www.segment-routing.net\/conferences\/MPLS-WC-2022-Clarence-Filsfils\/\">&#8220;SRv6: Status update and latest Innovations\u201d<\/a> en el\u00a0<a href=\"https:\/\/www.uppersideconferences.com\/mpls-sdn-nfv\/mplswc_2022_agenda_day_1.html\"><strong>MPLS WC 2022<\/strong><\/a> de Paris.<\/li>\r\n<\/ul>","protected":false},"excerpt":{"rendered":"<p>Actualmente, las redes est\u00e1n evolucionando para &#8220;sofwarizarse&#8221; (SDN &#8211; Software Defined Networks) y para ser consumidas de una similar a los servicios digitales actuales (NaaS &#8211; Network as a Service). Si hablamos de redes WAN, por ejemplo, ha habido una clara evoluci\u00f3n desde las redes construidas con recursos f\u00edsicos hasta la virtualizaci\u00f3n (t\u00faneles y overlays&hellip;&nbsp;<a href=\"https:\/\/www.ipv6council.es\/index.php\/srv6\/\" rel=\"bookmark\"><span class=\"screen-reader-text\">SRv6<\/span><\/a><\/p>\n","protected":false},"author":1,"featured_media":0,"parent":0,"menu_order":0,"comment_status":"closed","ping_status":"closed","template":"","meta":{"neve_meta_sidebar":"","neve_meta_container":"","neve_meta_enable_content_width":"off","neve_meta_content_width":100,"neve_meta_title_alignment":"","neve_meta_author_avatar":"","neve_post_elements_order":"","neve_meta_disable_header":"","neve_meta_disable_footer":"","neve_meta_disable_title":""},"_links":{"self":[{"href":"https:\/\/www.ipv6council.es\/index.php\/wp-json\/wp\/v2\/pages\/542"}],"collection":[{"href":"https:\/\/www.ipv6council.es\/index.php\/wp-json\/wp\/v2\/pages"}],"about":[{"href":"https:\/\/www.ipv6council.es\/index.php\/wp-json\/wp\/v2\/types\/page"}],"author":[{"embeddable":true,"href":"https:\/\/www.ipv6council.es\/index.php\/wp-json\/wp\/v2\/users\/1"}],"replies":[{"embeddable":true,"href":"https:\/\/www.ipv6council.es\/index.php\/wp-json\/wp\/v2\/comments?post=542"}],"version-history":[{"count":2,"href":"https:\/\/www.ipv6council.es\/index.php\/wp-json\/wp\/v2\/pages\/542\/revisions"}],"predecessor-version":[{"id":1578,"href":"https:\/\/www.ipv6council.es\/index.php\/wp-json\/wp\/v2\/pages\/542\/revisions\/1578"}],"wp:attachment":[{"href":"https:\/\/www.ipv6council.es\/index.php\/wp-json\/wp\/v2\/media?parent=542"}],"curies":[{"name":"wp","href":"https:\/\/api.w.org\/{rel}","templated":true}]}}