
{"id":903,"date":"2024-06-22T00:59:09","date_gmt":"2024-06-22T00:59:09","guid":{"rendered":"https:\/\/www.ipv6council.es\/?page_id=903"},"modified":"2026-02-02T11:45:57","modified_gmt":"2026-02-02T11:45:57","slug":"meet-up-presentaciones","status":"publish","type":"page","link":"https:\/\/www.ipv6council.es\/index.php\/meet-up-presentaciones\/","title":{"rendered":"Meet-up Presentaciones"},"content":{"rendered":"<nav aria-label=\"breadcrumbs\">\n            <div class=\"breadcrumb-container theme1\">\n                <ol>\n                                    <\/ol>\n            <\/div>\n        <\/nav>    <script type=\"application\/ld+json\">\n        {\n            \"@context\": \"http:\/\/schema.org\",\n            \"@type\": \"BreadcrumbList\",\n            \"itemListElement\": [\n                            ]\n        }\n    <\/script>\n   \n    <script>\n            <\/script>\n\r\n<p>Pincha <a href=\"https:\/\/www.ipv6council.es\/index.php\/eventos-y-presentaciones\/\">aqu\u00ed <\/a>para presentaciones de eventos anteriores.<\/p>\r\n\r\n\r\n\r\n<figure class=\"wp-block-image size-large is-resized\"><img loading=\"lazy\" class=\"wp-image-908\" src=\"https:\/\/www.ipv6council.es\/wp-content\/uploads\/2024\/06\/Flyer-1024x572.jpg\" alt=\"\" width=\"768\" height=\"429\" srcset=\"https:\/\/www.ipv6council.es\/wp-content\/uploads\/2024\/06\/Flyer-1024x572.jpg 1024w, https:\/\/www.ipv6council.es\/wp-content\/uploads\/2024\/06\/Flyer-300x168.jpg 300w, https:\/\/www.ipv6council.es\/wp-content\/uploads\/2024\/06\/Flyer-768x429.jpg 768w, https:\/\/www.ipv6council.es\/wp-content\/uploads\/2024\/06\/Flyer-1536x859.jpg 1536w, https:\/\/www.ipv6council.es\/wp-content\/uploads\/2024\/06\/Flyer-1568x877.jpg 1568w, https:\/\/www.ipv6council.es\/wp-content\/uploads\/2024\/06\/Flyer.jpg 2000w\" sizes=\"(max-width: 768px) 100vw, 768px\" \/><\/figure>\r\n\r\n\r\n\r\n<h3><strong>Presentaciones del Meet-up 13 Junio 2024<\/strong><\/h3>\r\n\r\n\r\n\r\n<p><a href=\"https:\/\/genny.lovo.ai\/share\/da2af564-2205-4201-a594-8078ca113374\">Bienvenida \/ Welcome<\/a>. Latif Ladid. Global IPv6 Forum chair.<\/p>\r\n\r\n\r\n\r\n<h4><strong>SESION Espa\u00f1a en marcha. Despegamos!<\/strong><\/h4>\r\n\r\n\r\n\r\n<p><a href=\"https:\/\/drive.google.com\/file\/d\/1Pb-mkSUOYP-pWDZYoNecyv8H6eXYovbn\/view?usp=drive_link\">El momento de Empresas y Administraciones<\/a>. Carlos Ralli Ucendo \u2013 IPv6 Council<\/p>\r\n\r\n\r\n\r\n<p><a href=\"https:\/\/drive.google.com\/file\/d\/1SlId7L2aBIvRGPHtZNYhKSs8PxWaAETU\/view?usp=drive_link\">Despliegue M\u00f3vil Movistar\/O2 Espa\u00f1a<\/a>. Javier Garc\u00eda Parra \u2013 Movistar\/O2<\/p>\r\n\r\n\r\n\r\n<h4><strong>SESION Los Retos en Ciberseguridad con IPv6<\/strong><\/h4>\r\n\r\n\r\n\r\n<p>\u00a0 Firechat con Chema Alonso. Chief Digital Officer en Telef\u00f3nica.<\/p>\r\n\r\n\r\n\r\n<h4><strong>SESION La Innovaci\u00f3n que IPv6 abre a las Empresas y Administraciones<\/strong><\/h4>\r\n\r\n\r\n\r\n<p><a href=\"https:\/\/drive.google.com\/file\/d\/1f0HkxF54_V5yYPxeazK1qMvWUwdZ32qN\/view?usp=drive_link\">La red programable SRv6<\/a>. Pablo Camarillo \u2013 Cisco<\/p>\r\n\r\n\r\n\r\n<p><a href=\"https:\/\/drive.google.com\/file\/d\/1m7VNuRywbaauP_F98wvJhbKCuT66nYbN\/view?usp=drive_link\">Cloud eficiente con Clusters k8s IPv6 y Roadmap GCP<\/a>. Itsaso Igeregi\/Antonio Ojea &#8211; Google<\/p>\r\n\r\n\r\n\r\n<p><a href=\"https:\/\/drive.google.com\/file\/d\/1QCbQXV280Qy0uvaE3SyYZkYeJRomvWDi\/view?usp=drive_link\">Hablando con tus clientes en IPv6, la forma f\u00e1cil<\/a>. Berta Bujidos\/Sergio Maeso &#8211; Cloudflare\u00a0\u00a0\u00a0<\/p>\r\n\r\n\r\n\r\n<p><a href=\"https:\/\/drive.google.com\/file\/d\/1GrHg0b4z8bwdxuPLoa2TFxG-JYlD_DtM\/view?usp=drive_link\">Ciberseguridad v6-ready.<\/a> Rafael Sanchez \/ Fran G\u00f3mez \u2013 MrLooquer<\/p>\r\n\r\n\r\n\r\n<p><a href=\"https:\/\/drive.google.com\/file\/d\/1BokNKjFvkQ8OjbHiX4nOhUsPYYTP5jE7\/view?usp=drive_link\">IPv4 Sunset: Eliminando direcciones legacy de nuestro Edge.<\/a> Fernando Garc\u00eda \u2013 Meta<\/p>\r\n\r\n\r\n\r\n<p><a href=\"https:\/\/drive.google.com\/file\/d\/1GnREAAW6lEOps3GGnl7aYfBJafDQeXJM\/view?usp=drive_link\">Cloud IPv6 con AWS y World IPv6 Celebration Day<\/a>. Federica Ciuffo &#8211; AWS.<\/p>\r\n\r\n\r\n\r\n<h4><strong>MESA REDONDA Retos para Empresas y Administraciones<\/strong><\/h4>\r\n\r\n\r\n\r\n<p><a href=\"https:\/\/drive.google.com\/file\/d\/1bNbFpzy2z0ZarbF8KdQs75_GBjSc1u_8\/view?usp=drive_link\">Casos de \u00c9xito en Administraci\u00f3n P\u00fablica.<\/a> Jordi Palet &#8211; The IPv6 Company<\/p>\r\n\r\n\r\n\r\n<p><a href=\"https:\/\/drive.google.com\/file\/d\/13SRFCOo1S-AkCRVV62mcGgyKd-TlMIeN\/view?usp=drive_link\">Pol\u00edticas y Medidas para el impulso en distintas regiones<\/a>. Javier Herv\u00e1s \u2013 Axon Partners<\/p>\r\n\r\n\r\n\r\n<p><a href=\"https:\/\/drive.google.com\/file\/d\/1fW3_BlR-9RIeo-M5Gq5OI-FsEJVfVd8L\/view?usp=drive_link\">Impacto y Nuevos paradigmas en Datacenters.<\/a> Jose Luis Tallon \u2013 Quadrics<\/p>\r\n\r\n\r\n\r\n<p><a href=\"https:\/\/drive.google.com\/file\/d\/1cYHYY7QfD-kwWNDq86Bhx9O3xeQuCmeG\/view?usp=drive_link\">Nuestra experiencia con Empresas. <\/a>Adri\u00e1n Almenar \u2013 Tecnocr\u00e1tica<\/p>\r\n\r\n\r\n\r\n<h3>Bonus Tracks<\/h3>\r\n\r\n\r\n\r\n<p>A ra\u00edz de este evento, algunos de nuestros colaboradores, han actualizado presentaciones anteriores o facilitado nuevos recursos:<\/p>\r\n\r\n\r\n\r\n<p>Presentaci\u00f3n <a href=\"https:\/\/drive.google.com\/file\/d\/1Pi8IJaZIuwb2fouSS6ovDQ4n-w8S5M9T\/view?usp=drive_link\">Akamai &#8211; Erik Nygren <\/a>(actualizaci\u00f3n Junio 2024)<\/p>\r\n\r\n\r\n\r\n<p>&nbsp;<\/p>","protected":false},"excerpt":{"rendered":"<p>Pincha aqu\u00ed para presentaciones de eventos anteriores. Presentaciones del Meet-up 13 Junio 2024 Bienvenida \/ Welcome. Latif Ladid. Global IPv6 Forum chair. SESION Espa\u00f1a en marcha. Despegamos! El momento de Empresas y Administraciones. Carlos Ralli Ucendo \u2013 IPv6 Council Despliegue M\u00f3vil Movistar\/O2 Espa\u00f1a. Javier Garc\u00eda Parra \u2013 Movistar\/O2 SESION Los Retos en Ciberseguridad con IPv6&hellip;&nbsp;<a href=\"https:\/\/www.ipv6council.es\/index.php\/meet-up-presentaciones\/\" rel=\"bookmark\"><span class=\"screen-reader-text\">Meet-up Presentaciones<\/span><\/a><\/p>\n","protected":false},"author":1,"featured_media":0,"parent":0,"menu_order":0,"comment_status":"closed","ping_status":"closed","template":"","meta":{"neve_meta_sidebar":"","neve_meta_container":"","neve_meta_enable_content_width":"off","neve_meta_content_width":100,"neve_meta_title_alignment":"","neve_meta_author_avatar":"","neve_post_elements_order":"","neve_meta_disable_header":"","neve_meta_disable_footer":"","neve_meta_disable_title":""},"_links":{"self":[{"href":"https:\/\/www.ipv6council.es\/index.php\/wp-json\/wp\/v2\/pages\/903"}],"collection":[{"href":"https:\/\/www.ipv6council.es\/index.php\/wp-json\/wp\/v2\/pages"}],"about":[{"href":"https:\/\/www.ipv6council.es\/index.php\/wp-json\/wp\/v2\/types\/page"}],"author":[{"embeddable":true,"href":"https:\/\/www.ipv6council.es\/index.php\/wp-json\/wp\/v2\/users\/1"}],"replies":[{"embeddable":true,"href":"https:\/\/www.ipv6council.es\/index.php\/wp-json\/wp\/v2\/comments?post=903"}],"version-history":[{"count":10,"href":"https:\/\/www.ipv6council.es\/index.php\/wp-json\/wp\/v2\/pages\/903\/revisions"}],"predecessor-version":[{"id":1569,"href":"https:\/\/www.ipv6council.es\/index.php\/wp-json\/wp\/v2\/pages\/903\/revisions\/1569"}],"wp:attachment":[{"href":"https:\/\/www.ipv6council.es\/index.php\/wp-json\/wp\/v2\/media?parent=903"}],"curies":[{"name":"wp","href":"https:\/\/api.w.org\/{rel}","templated":true}]}}